{"id":865,"date":"2021-02-11T16:29:48","date_gmt":"2021-02-11T16:29:48","guid":{"rendered":"https:\/\/www.oilsteel.com\/?page_id=865"},"modified":"2025-12-02T17:15:49","modified_gmt":"2025-12-02T16:15:49","slug":"stabilimenti-e-filiali","status":"publish","type":"page","link":"https:\/\/www.oilsteel.com\/de\/unternehmen\/stabilimenti-e-filiali\/","title":{"rendered":"Niederlassungen und Filialen"},"content":{"rendered":"<p>[vc_row equal_height=&#8220;yes&#8220; content_placement=&#8220;middle&#8220; el_class=&#8220;pb-5&#8243;][vc_column css_animation=&#8220;none&#8220; width=&#8220;1\/2&#8243; el_class=&#8220;pb-4 pb-md-0&#8243; offset=&#8220;vc_col-md-offset-2 vc_col-md-4&#8243;]<div id=\"ultimate-heading-632469fd9925f318e\" class=\"uvc-heading ult-adjust-bottom-margin ultimate-heading-632469fd9925f318e uvc-9850 m7x-title-h2 pb-4 uvc-heading-default-font-sizes\" data-hspacer=\"no_spacer\"  data-halign=\"center\" style=\"text-align:center\"><div class=\"uvc-heading-spacer no_spacer\" style=\"top\"><\/div><div class=\"uvc-main-heading ult-responsive\"  data-ultimate-target='.uvc-heading.ultimate-heading-632469fd9925f318e h2'  data-responsive-json-new='{\"font-size\":\"\",\"line-height\":\"\"}' ><h2 style=\"--font-weight:theme;\">Hauptsitz und Produktion:<br \/>\nSan Cesario sul Panaro - Modena - Italien<\/h2><\/div><\/div>[vc_column_text el_class=&#8220;text-center&#8220;]Oil&amp;Steel\u00a0hat seinen Hauptsitz in San\u00a0Cesario\u00a0sul\u00a0Panaro\u00a0(MO &#8211; Italien). Die Entscheidung wird nach dem Bau einer modernen Struktur getroffen, in der sich nun die B\u00fcros der Direktion und aller Gesch\u00e4ftsbereiche des Unternehmens befinden: Vertrieb, Marketing, technisches Design, F&amp;E, Verwaltung, technischer Support, Ersatzteile und Personalwesen.<\/p>\n<p><strong>PM\u00a0Oil&amp;Steel\u00a0S.p.A.<\/strong><br \/>\nVia G. Verdi 22<br \/>\n41018 San\u00a0Cesario\u00a0sul\u00a0Panaro\u00a0(Modena)<br \/>\nItalien<br \/>\nTel.: +39 059 936811 &#8211; Fax: +39 059 936800[\/vc_column_text][\/vc_column][vc_column css_animation=&#8220;none&#8220; width=&#8220;1\/2&#8243; offset=&#8220;vc_col-md-offset-2 vc_col-md-4&#8243;][vc_single_image image=&#8220;1603&#8243; img_size=&#8220;large&#8220; alignment=&#8220;center&#8220; onclick=&#8220;link_image&#8220; css_animation=&#8220;none&#8220; el_class=&#8220;mtx-img text-center-xs&#8220;][\/vc_column][\/vc_row][vc_row el_class=&#8220;py-5&#8243;][vc_column][vc_separator color=&#8220;custom&#8220; border_width=&#8220;8&#8243; el_width=&#8220;70&#8243; el_class=&#8220;m7x-accent&#8220;][\/vc_column][\/vc_row][vc_row el_class=&#8220;py-5&#8243;][vc_column][vc_row_inner][vc_column_inner]<div id=\"ultimate-heading-893469fd9925f31e1\" class=\"uvc-heading ult-adjust-bottom-margin ultimate-heading-893469fd9925f31e1 uvc-3030 m7x-title-h2 pb-5 uvc-heading-default-font-sizes\" data-hspacer=\"no_spacer\"  data-halign=\"center\" style=\"text-align:center\"><div class=\"uvc-heading-spacer no_spacer\" style=\"top\"><\/div><div class=\"uvc-main-heading ult-responsive\"  data-ultimate-target='.uvc-heading.ultimate-heading-893469fd9925f31e1 h2'  data-responsive-json-new='{\"font-size\":\"\",\"line-height\":\"\"}' ><h2 style=\"--font-weight:theme;\">Vertriebsniederlassungen<\/h2><\/div><\/div>[\/vc_column_inner][\/vc_row_inner][vc_row_inner equal_height=&#8220;yes&#8220; el_class=&#8220;pb-5&#8243;][vc_column_inner el_class=&#8220;pb-5&#8243; width=&#8220;1\/3&#8243;]<div class=\"aio-icon-component   m7x-info-box style_1\"><div id=\"Info-box-wrap-3458\" class=\"aio-icon-box top-icon\" style=\"\"  ><div class=\"aio-icon-top\"><div class=\"ult-just-icon-wrapper  \"><div class=\"align-icon\" style=\"text-align:center;\">\n<div class=\"aio-icon-img \" style=\"font-size:206px;display:inline-block;\" >\n\t<img class=\"img-icon\" alt=\"null\" src=\"https:\/\/www.oilsteel.com\/de\/wp-content\/uploads\/sites\/5\/2023\/02\/ManitexInternational_ApplicationEveryBrands.png\"\/>\n<\/div><\/div><\/div><\/div><div class=\"aio-icon-header\" ><h3 class=\"aio-icon-title ult-responsive\"  data-ultimate-target='#Info-box-wrap-3458 .aio-icon-title'  data-responsive-json-new='{\"font-size\":\"\",\"line-height\":\"\"}'  style=\"\">PM OIL&amp;STEEL ASIA<\/h3><\/div> <!-- header --><div class=\"aio-icon-description ult-responsive\"  data-ultimate-target='#Info-box-wrap-3458 .aio-icon-description'  data-responsive-json-new='{\"font-size\":\"\",\"line-height\":\"\"}'  style=\"\">c\/o Beng Hock\u00a0Mechanical\u00a0Engineering\u00a0Pte\u00a0Ltd<br \/>\n11\u00a0Sungei\u00a0Kadut\u00a0Street 4<br \/>\n729041 Singapore<br \/>\nTel.: +65 9847 0210<\/div> <!-- description --><\/div> <!-- aio-icon-box --><\/div> <!-- aio-icon-component -->[\/vc_column_inner][vc_column_inner el_class=&#8220;pb-5&#8243; width=&#8220;1\/3&#8243;]<div class=\"aio-icon-component   m7x-info-box style_1\"><div id=\"Info-box-wrap-8524\" class=\"aio-icon-box top-icon\" style=\"\"  ><div class=\"aio-icon-top\"><div class=\"ult-just-icon-wrapper  \"><div class=\"align-icon\" style=\"text-align:center;\">\n<div class=\"aio-icon-img \" style=\"font-size:206px;display:inline-block;\" >\n\t<img class=\"img-icon\" alt=\"null\" src=\"https:\/\/www.oilsteel.com\/de\/wp-content\/uploads\/sites\/5\/2023\/02\/ManitexInternational_ApplicationEveryBrands.png\"\/>\n<\/div><\/div><\/div><\/div><div class=\"aio-icon-header\" ><h3 class=\"aio-icon-title ult-responsive\"  data-ultimate-target='#Info-box-wrap-8524 .aio-icon-title'  data-responsive-json-new='{\"font-size\":\"\",\"line-height\":\"\"}'  style=\"\">PM OIL&amp;STEEL IBERICA<\/h3><\/div> <!-- header --><div class=\"aio-icon-description ult-responsive\"  data-ultimate-target='#Info-box-wrap-8524 .aio-icon-description'  data-responsive-json-new='{\"font-size\":\"\",\"line-height\":\"\"}'  style=\"\">Ctra\u00a0Nacional\u00a0III 339<br \/>\n46190\u00a0Riba-Roja del Turia, Valencia<br \/>\nSpanien<br \/>\nTel.: +34 902 636 778<br \/>\nFax: +34 902 636 779<\/div> <!-- description --><\/div> <!-- aio-icon-box --><\/div> <!-- aio-icon-component -->[\/vc_column_inner][vc_column_inner el_class=&#8220;pb-5&#8243; width=&#8220;1\/3&#8243;]<div class=\"aio-icon-component   m7x-info-box style_1\"><div id=\"Info-box-wrap-6736\" class=\"aio-icon-box top-icon\" style=\"\"  ><div class=\"aio-icon-top\"><div class=\"ult-just-icon-wrapper  \"><div class=\"align-icon\" style=\"text-align:center;\">\n<div class=\"aio-icon-img \" style=\"font-size:206px;display:inline-block;\" >\n\t<img class=\"img-icon\" alt=\"null\" src=\"https:\/\/www.oilsteel.com\/de\/wp-content\/uploads\/sites\/5\/2023\/02\/ManitexInternational_ApplicationEveryBrands.png\"\/>\n<\/div><\/div><\/div><\/div><div class=\"aio-icon-header\" ><h3 class=\"aio-icon-title ult-responsive\"  data-ultimate-target='#Info-box-wrap-6736 .aio-icon-title'  data-responsive-json-new='{\"font-size\":\"\",\"line-height\":\"\"}'  style=\"\">PM OIL&amp;STEEL FRANCE<\/h3><\/div> <!-- header --><div class=\"aio-icon-description ult-responsive\"  data-ultimate-target='#Info-box-wrap-6736 .aio-icon-description'  data-responsive-json-new='{\"font-size\":\"\",\"line-height\":\"\"}'  style=\"\">Cyril ARNAUD<br \/>\n+33(0) 6 15 51 63 56<br \/>\n<a title=\"mailto:cyril.arnaud@tadano.com\" href=\"mailto:cyril.arnaud@tadano.com\">cyril.arnaud@tadano.com<\/a><br \/>\n151, Impasse de la Balme<br \/>\n69800, Saint- Priest (FR)<\/div> <!-- description --><\/div> <!-- aio-icon-box --><\/div> <!-- aio-icon-component -->[\/vc_column_inner][vc_column_inner width=&#8220;1\/3&#8243;]<div class=\"aio-icon-component   m7x-info-box style_1\"><div id=\"Info-box-wrap-5389\" class=\"aio-icon-box top-icon\" style=\"\"  ><div class=\"aio-icon-top\"><div class=\"ult-just-icon-wrapper  \"><div class=\"align-icon\" style=\"text-align:center;\">\n<div class=\"aio-icon-img \" style=\"font-size:206px;display:inline-block;\" >\n\t<img class=\"img-icon\" alt=\"null\" src=\"https:\/\/www.oilsteel.com\/de\/wp-content\/uploads\/sites\/5\/2023\/02\/ManitexInternational_ApplicationEveryBrands.png\"\/>\n<\/div><\/div><\/div><\/div><div class=\"aio-icon-header\" ><h3 class=\"aio-icon-title ult-responsive\"  data-ultimate-target='#Info-box-wrap-5389 .aio-icon-title'  data-responsive-json-new='{\"font-size\":\"\",\"line-height\":\"\"}'  style=\"\">PM OIL&amp;STEEL ARGENTINA<\/h3><\/div> <!-- header --><div class=\"aio-icon-description ult-responsive\"  data-ultimate-target='#Info-box-wrap-5389 .aio-icon-description'  data-responsive-json-new='{\"font-size\":\"\",\"line-height\":\"\"}'  style=\"\">Predio\u00a0Industrial La\u00a0Papelera<br \/>\nIntendente Neyer, 1133 Unid. 15<br \/>\nC.P. 1643 &#8211; Beccar &#8211; Prov. de Buenos Aires &#8211; Argentinien<br \/>\nTel.: +5411 4732-9008 \/ +54 11 4747 8003<br \/>\nHandy: +54 911 5517 5579<br \/>\nFax:\u00a0+5411 4747-8003<\/div> <!-- description --><\/div> <!-- aio-icon-box --><\/div> <!-- aio-icon-component -->[\/vc_column_inner][vc_column_inner width=&#8220;1\/3&#8243;]<div class=\"aio-icon-component   m7x-info-box style_1\"><div id=\"Info-box-wrap-2221\" class=\"aio-icon-box top-icon\" style=\"\"  ><div class=\"aio-icon-top\"><div class=\"ult-just-icon-wrapper  \"><div class=\"align-icon\" style=\"text-align:center;\">\n<div class=\"aio-icon-img \" style=\"font-size:206px;display:inline-block;\" >\n\t<img class=\"img-icon\" alt=\"null\" src=\"https:\/\/www.oilsteel.com\/de\/wp-content\/uploads\/sites\/5\/2023\/02\/ManitexInternational_ApplicationEveryBrands.png\"\/>\n<\/div><\/div><\/div><\/div><div class=\"aio-icon-header\" ><h3 class=\"aio-icon-title ult-responsive\"  data-ultimate-target='#Info-box-wrap-2221 .aio-icon-title'  data-responsive-json-new='{\"font-size\":\"\",\"line-height\":\"\"}'  style=\"\">PM OIL&amp;STEEL MEXICO<\/h3><\/div> <!-- header --><div class=\"aio-icon-description ult-responsive\"  data-ultimate-target='#Info-box-wrap-2221 .aio-icon-description'  data-responsive-json-new='{\"font-size\":\"\",\"line-height\":\"\"}'  style=\"\">Carretera\u00a0Queretaro- Mexico KM 201.5, Bodega #50<br \/>\nEurobusiness Park El\u00a0Marqu\u00e9s,<br \/>\nColonia Cumbres de Con\u00edn Tercera Secci\u00f3n, Mcpio. El Marqu\u00e9s,<br \/>\nCP. 76246<br \/>\nQueretaro<br \/>\nMexiko<\/div> <!-- description --><\/div> <!-- aio-icon-box --><\/div> <!-- aio-icon-component -->[\/vc_column_inner][vc_column_inner width=&#8220;1\/3&#8243;]<div class=\"aio-icon-component   m7x-info-box style_1\"><div id=\"Info-box-wrap-7332\" class=\"aio-icon-box top-icon\" style=\"\"  ><div class=\"aio-icon-top\"><div class=\"ult-just-icon-wrapper  \"><div class=\"align-icon\" style=\"text-align:center;\">\n<div class=\"aio-icon-img \" style=\"font-size:206px;display:inline-block;\" >\n\t<img class=\"img-icon\" alt=\"null\" src=\"https:\/\/www.oilsteel.com\/de\/wp-content\/uploads\/sites\/5\/2023\/02\/ManitexInternational_ApplicationEveryBrands.png\"\/>\n<\/div><\/div><\/div><\/div><div class=\"aio-icon-header\" ><h3 class=\"aio-icon-title ult-responsive\"  data-ultimate-target='#Info-box-wrap-7332 .aio-icon-title'  data-responsive-json-new='{\"font-size\":\"\",\"line-height\":\"\"}'  style=\"\">PM OIL&amp;STEEL CHILE<\/h3><\/div> <!-- header --><div class=\"aio-icon-description ult-responsive\"  data-ultimate-target='#Info-box-wrap-7332 .aio-icon-description'  data-responsive-json-new='{\"font-size\":\"\",\"line-height\":\"\"}'  style=\"\">Alcalde\u00a0Guzm\u00e1n n\u00b00121,\u00a0Galp\u00f3n\u00a0Pyme\u00a03<br \/>\nQuilicura\u00a0&#8211; Santiago &#8211; Chile<br \/>\nTel.: +56 2 2 763 0300<br \/>\ninfo@pm-latinamerica.com<\/div> <!-- description --><\/div> <!-- aio-icon-box --><\/div> <!-- aio-icon-component -->[\/vc_column_inner][\/vc_row_inner][\/vc_column][\/vc_row]<\/p>\n","protected":false},"excerpt":{"rendered":"<p>[vc_row equal_height=&#8220;yes&#8220; content_placement=&#8220;middle&#8220; el_class=&#8220;pb-5&#8243;][vc_column css_animation=&#8220;none&#8220; width=&#8220;1\/2&#8243; el_class=&#8220;pb-4 pb-md-0&#8243; offset=&#8220;vc_col-md-offset-2 vc_col-md-4&#8243;][vc_column_text el_class=&#8220;text-center&#8220;]Oil&amp;Steel\u00a0hat seinen Hauptsitz in San\u00a0Cesario\u00a0sul\u00a0Panaro\u00a0(MO &#8211; Italien). Die Entscheidung wird nach dem Bau einer modernen Struktur getroffen, in der sich nun die B\u00fcros der Direktion und aller Gesch\u00e4ftsbereiche des Unternehmens befinden: Vertrieb, Marketing, technisches Design, F&amp;E, Verwaltung, technischer Support, Ersatzteile und Personalwesen. PM\u00a0Oil&amp;Steel\u00a0S.p.A. Via G.&hellip;<\/p>\n","protected":false},"author":1,"featured_media":940,"parent":862,"menu_order":0,"comment_status":"closed","ping_status":"closed","template":"","meta":[],"acf":[],"_links":{"self":[{"href":"https:\/\/www.oilsteel.com\/de\/wp-json\/wp\/v2\/pages\/865"}],"collection":[{"href":"https:\/\/www.oilsteel.com\/de\/wp-json\/wp\/v2\/pages"}],"about":[{"href":"https:\/\/www.oilsteel.com\/de\/wp-json\/wp\/v2\/types\/page"}],"author":[{"embeddable":true,"href":"https:\/\/www.oilsteel.com\/de\/wp-json\/wp\/v2\/users\/1"}],"replies":[{"embeddable":true,"href":"https:\/\/www.oilsteel.com\/de\/wp-json\/wp\/v2\/comments?post=865"}],"version-history":[{"count":6,"href":"https:\/\/www.oilsteel.com\/de\/wp-json\/wp\/v2\/pages\/865\/revisions"}],"predecessor-version":[{"id":5748,"href":"https:\/\/www.oilsteel.com\/de\/wp-json\/wp\/v2\/pages\/865\/revisions\/5748"}],"up":[{"embeddable":true,"href":"https:\/\/www.oilsteel.com\/de\/wp-json\/wp\/v2\/pages\/862"}],"wp:featuredmedia":[{"embeddable":true,"href":"https:\/\/www.oilsteel.com\/de\/wp-json\/wp\/v2\/media\/940"}],"wp:attachment":[{"href":"https:\/\/www.oilsteel.com\/de\/wp-json\/wp\/v2\/media?parent=865"}],"curies":[{"name":"wp","href":"https:\/\/api.w.org\/{rel}","templated":true}]}}