{"id":868,"date":"2021-02-11T16:31:23","date_gmt":"2021-02-11T16:31:23","guid":{"rendered":"https:\/\/www.oilsteel.com\/?page_id=868"},"modified":"2021-05-28T08:19:21","modified_gmt":"2021-05-28T08:19:21","slug":"after-sales","status":"publish","type":"page","link":"https:\/\/www.oilsteel.com\/de\/after-sales\/","title":{"rendered":"After Sales"},"content":{"rendered":"<p>[vc_row][vc_column css_animation=&#8220;none&#8220; el_class=&#8220;pb-4 pb-md-0&#8243;]<div id=\"ultimate-heading-597669d5b6eab60fb\" class=\"uvc-heading ult-adjust-bottom-margin ultimate-heading-597669d5b6eab60fb uvc-4739 m7x-title-h2 pb-4 text-uppercase uvc-heading-default-font-sizes\" data-hspacer=\"no_spacer\"  data-halign=\"center\" style=\"text-align:center\"><div class=\"uvc-heading-spacer no_spacer\" style=\"top\"><\/div><div class=\"uvc-main-heading ult-responsive\"  data-ultimate-target='.uvc-heading.ultimate-heading-597669d5b6eab60fb h2'  data-responsive-json-new='{\"font-size\":\"\",\"line-height\":\"\"}' ><h2 style=\"--font-weight:theme;\">Vertragswerkst\u00e4tten<\/h2><\/div><\/div>[vc_column_text el_class=&#8220;text-center pb-4&#8243;]Erkl\u00e4rtes Ziel ist es, die Kundschaft in die Lage zu versetzen, unbesorgt auf einen technischen Kundendienst von hoher Qualit\u00e4t vertrauen zu k\u00f6nnen, der schnell eingreift, um jedes beliebige Problem am Produkt zu l\u00f6sen.<\/p>\n<p>Zu diesem Zweck st\u00fctzt sich\u00a0Oil&amp;Steel\u00a0in ganz Italien und auf den verschiedenen Referenzm\u00e4rkten auf ein fl\u00e4chendeckendes Netz von Vertragswerkst\u00e4tten (SERVICE-PARTNER), deren Personal von den Technikern der Muttergesellschaft nach einer angemessenen Schulung st\u00e4ndig auf dem neuesten Stand gehalten wird.[\/vc_column_text]<style type=\"text\/css\" data-type=\"the7_shortcodes-inline-css\">#default-btn-9e3f06d1311bce1c0bc90b6244001075.ico-right-side > i {\n  margin-right: 0px;\n  margin-left: 8px;\n}\n#default-btn-9e3f06d1311bce1c0bc90b6244001075 > i {\n  margin-right: 8px;\n}\n<\/style><div class=\"btn-align-center\"><a href=\"https:\/\/www.oilsteel.com\/de\/unser-vertriebsnetz\/vertragswerkstaetten\/?noredirect=de-DE\" class=\"default-btn-shortcode dt-btn dt-btn-l link-hover-off m7x-btn \" id=\"default-btn-9e3f06d1311bce1c0bc90b6244001075\" title=\"Officine autorizzate\"><span>MEHR INFORMATIONEN<\/span><\/a><\/div>[\/vc_column][\/vc_row][vc_row el_class=&#8220;py-5&#8243;][vc_column][vc_separator color=&#8220;custom&#8220; border_width=&#8220;8&#8243; el_width=&#8220;70&#8243; el_class=&#8220;m7x-divider&#8220;][\/vc_column][\/vc_row][vc_row el_class=&#8220;pt-5&#8243;][vc_column css_animation=&#8220;none&#8220; el_class=&#8220;pb-4 pb-md-0&#8243;]<div id=\"ultimate-heading-45069d5b6eab66c5\" class=\"uvc-heading ult-adjust-bottom-margin ultimate-heading-45069d5b6eab66c5 uvc-180 m7x-title-h2 pb-4 text-uppercase uvc-heading-default-font-sizes\" data-hspacer=\"no_spacer\"  data-halign=\"center\" style=\"text-align:center\"><div class=\"uvc-heading-spacer no_spacer\" style=\"top\"><\/div><div class=\"uvc-main-heading ult-responsive\"  data-ultimate-target='.uvc-heading.ultimate-heading-45069d5b6eab66c5 h2'  data-responsive-json-new='{\"font-size\":\"\",\"line-height\":\"\"}' ><h2 style=\"--font-weight:theme;\">Ersatzteile und Zubeh\u00f6r<\/h2><\/div><\/div>[vc_column_text el_class=&#8220;text-center pb-4&#8243;]Der After-Sales-Service wird durch einen leistungsf\u00e4higen Ersatzteilservice gew\u00e4hrleistet.<\/p>\n<p>Wir stellen einen umfassenden und p\u00fcnktlichen Service bereit und bieten die M\u00f6glichkeit, nicht nur Artikel f\u00fcr Modelle zu bestellen, die jetzt in Produktion sind, sondern auch f\u00fcr seit mehreren Jahren ausgelaufene Modelle.<\/p>\n<p>Die Effizienz und das Engagement des Personals erm\u00f6glicht es uns,\u00a090 % der Ersatzteile innerhalb von 24 Stunden nach Eingang der Bestellung\u00a0zu garantieren.[\/vc_column_text]<style type=\"text\/css\" data-type=\"the7_shortcodes-inline-css\">#default-btn-14556835a39516cb3053726a257119c0.ico-right-side > i {\n  margin-right: 0px;\n  margin-left: 8px;\n}\n#default-btn-14556835a39516cb3053726a257119c0 > i {\n  margin-right: 8px;\n}\n<\/style><div class=\"btn-align-center\"><a href=\"https:\/\/www.oilsteel.com\/de\/kontakt\/?subject=Fordern+Sie+Informationen+Ersatzteile+oder+Zubeh\u00f6r+an&amp;office=Ersatzteile\" class=\"default-btn-shortcode dt-btn dt-btn-l link-hover-off m7x-btn \" id=\"default-btn-14556835a39516cb3053726a257119c0\" title=\"Officine autorizzate\"><span>Kontakt<\/span><\/a><\/div>[\/vc_column][\/vc_row][vc_row el_class=&#8220;py-5&#8243;][vc_column][vc_separator color=&#8220;custom&#8220; border_width=&#8220;8&#8243; el_width=&#8220;70&#8243; el_class=&#8220;m7x-divider&#8220;][\/vc_column][\/vc_row][vc_row el_class=&#8220;py-5&#8243;][vc_column css_animation=&#8220;none&#8220; el_class=&#8220;pb-4 pb-md-0&#8243;]<div id=\"ultimate-heading-594669d5b6eab680a\" class=\"uvc-heading ult-adjust-bottom-margin ultimate-heading-594669d5b6eab680a uvc-7452 m7x-title-h2 pb-4 text-uppercase uvc-heading-default-font-sizes\" data-hspacer=\"no_spacer\"  data-halign=\"center\" style=\"text-align:center\"><div class=\"uvc-heading-spacer no_spacer\" style=\"top\"><\/div><div class=\"uvc-main-heading ult-responsive\"  data-ultimate-target='.uvc-heading.ultimate-heading-594669d5b6eab680a h2'  data-responsive-json-new='{\"font-size\":\"\",\"line-height\":\"\"}' ><h2 style=\"--font-weight:theme;\">Schreiben Sie uns Ihre Meinung!<\/h2><\/div><\/div>[vc_column_text el_class=&#8220;text-center pb-4&#8243;]Es ist f\u00fcr uns wichtig, Ihre Meinung zu kennen, damit wir unsere Dienstleistungen und unser Angebot st\u00e4ndig verbessern k\u00f6nnen.[\/vc_column_text]<style type=\"text\/css\" data-type=\"the7_shortcodes-inline-css\">#default-btn-773e8e7b0696d56f11f7e8d21bc7aad1.ico-right-side > i {\n  margin-right: 0px;\n  margin-left: 8px;\n}\n#default-btn-773e8e7b0696d56f11f7e8d21bc7aad1 > i {\n  margin-right: 8px;\n}\n<\/style><div class=\"btn-align-center\"><a href=\"https:\/\/www.oilsteel.com\/de\/kontakt\/?subject=Feedback&amp;office=Technische+Unterst\u00fctzung\" class=\"default-btn-shortcode dt-btn dt-btn-l link-hover-off m7x-btn \" id=\"default-btn-773e8e7b0696d56f11f7e8d21bc7aad1\"><span>DANKE F\u00dcR EINE R\u00dcCKMELDUNG<\/span><\/a><\/div>[\/vc_column][\/vc_row][vc_row equal_height=&#8220;yes&#8220; content_placement=&#8220;middle&#8220; bg_type=&#8220;image&#8220; parallax_style=&#8220;vcpb-default&#8220; bg_image_new=&#8220;id^959|url^https:\/\/www.oilsteel.com\/wp-content\/uploads\/2021\/02\/os_training-head.jpg|caption^null|alt^null|title^os_training-head|description^null&#8220; bg_image_repeat=&#8220;no-repeat&#8220; bg_img_attach=&#8220;fixed&#8220; bg_override=&#8220;ex-full&#8220; el_class=&#8220;py-5 my-5 m7x-row-gradient-180&#8243;][vc_column css_animation=&#8220;none&#8220; el_class=&#8220;pb-4 pb-md-0&#8243;]<div id=\"ultimate-heading-479469d5b6eab6ccb\" class=\"uvc-heading ult-adjust-bottom-margin ultimate-heading-479469d5b6eab6ccb uvc-7086 text-white m7x-mh-h1 pb-5 uvc-heading-default-font-sizes\" data-hspacer=\"no_spacer\"  data-halign=\"center\" style=\"text-align:center\"><div class=\"uvc-heading-spacer no_spacer\" style=\"top\"><\/div><div class=\"uvc-main-heading ult-responsive\"  data-ultimate-target='.uvc-heading.ultimate-heading-479469d5b6eab6ccb h2'  data-responsive-json-new='{\"font-size\":\"\",\"line-height\":\"\"}' ><h2 style=\"--font-weight:theme;\">Schulung<\/h2><\/div><\/div><style type=\"text\/css\" data-type=\"the7_shortcodes-inline-css\">#default-btn-75f941c27d313d25d066cdb09a196aa5.ico-right-side > i {\n  margin-right: 0px;\n  margin-left: 8px;\n}\n#default-btn-75f941c27d313d25d066cdb09a196aa5 > i {\n  margin-right: 8px;\n}\n<\/style><div class=\"btn-align-center\"><a href=\"https:\/\/www.oilsteel.com\/de\/unternehmen\/schulung\/?noredirect=de-DE\" class=\"default-btn-shortcode dt-btn dt-btn-l link-hover-off m7x-btn text-white \" id=\"default-btn-75f941c27d313d25d066cdb09a196aa5\" title=\"Formazione\"><span>MEHR INFORMATIONEN<\/span><\/a><\/div>[\/vc_column][\/vc_row]<\/p>\n","protected":false},"excerpt":{"rendered":"<p>[vc_row][vc_column css_animation=&#8220;none&#8220; el_class=&#8220;pb-4 pb-md-0&#8243;][vc_column_text el_class=&#8220;text-center pb-4&#8243;]Erkl\u00e4rtes Ziel ist es, die Kundschaft in die Lage zu versetzen, unbesorgt auf einen technischen Kundendienst von hoher Qualit\u00e4t vertrauen zu k\u00f6nnen, der schnell eingreift, um jedes beliebige Problem am Produkt zu l\u00f6sen. Zu diesem Zweck st\u00fctzt sich\u00a0Oil&amp;Steel\u00a0in ganz Italien und auf den verschiedenen Referenzm\u00e4rkten auf ein fl\u00e4chendeckendes Netz von&hellip;<\/p>\n","protected":false},"author":1,"featured_media":1156,"parent":0,"menu_order":0,"comment_status":"closed","ping_status":"closed","template":"","meta":[],"acf":[],"_links":{"self":[{"href":"https:\/\/www.oilsteel.com\/de\/wp-json\/wp\/v2\/pages\/868"}],"collection":[{"href":"https:\/\/www.oilsteel.com\/de\/wp-json\/wp\/v2\/pages"}],"about":[{"href":"https:\/\/www.oilsteel.com\/de\/wp-json\/wp\/v2\/types\/page"}],"author":[{"embeddable":true,"href":"https:\/\/www.oilsteel.com\/de\/wp-json\/wp\/v2\/users\/1"}],"replies":[{"embeddable":true,"href":"https:\/\/www.oilsteel.com\/de\/wp-json\/wp\/v2\/comments?post=868"}],"version-history":[{"count":4,"href":"https:\/\/www.oilsteel.com\/de\/wp-json\/wp\/v2\/pages\/868\/revisions"}],"predecessor-version":[{"id":2144,"href":"https:\/\/www.oilsteel.com\/de\/wp-json\/wp\/v2\/pages\/868\/revisions\/2144"}],"wp:featuredmedia":[{"embeddable":true,"href":"https:\/\/www.oilsteel.com\/de\/wp-json\/wp\/v2\/media\/1156"}],"wp:attachment":[{"href":"https:\/\/www.oilsteel.com\/de\/wp-json\/wp\/v2\/media?parent=868"}],"curies":[{"name":"wp","href":"https:\/\/api.w.org\/{rel}","templated":true}]}}