{"id":954,"date":"2021-02-12T12:52:10","date_gmt":"2021-02-12T12:52:10","guid":{"rendered":"https:\/\/www.oilsteel.com\/?page_id=954"},"modified":"2021-07-28T11:33:50","modified_gmt":"2021-07-28T11:33:50","slug":"schulung","status":"publish","type":"page","link":"https:\/\/www.oilsteel.com\/de\/unternehmen\/schulung\/","title":{"rendered":"Schulung"},"content":{"rendered":"<p>[vc_row][vc_column css_animation=&#8220;none&#8220; el_class=&#8220;pb-4 pb-md-0&#8243;]<div id=\"ultimate-heading-594469e2713de8604\" class=\"uvc-heading ult-adjust-bottom-margin ultimate-heading-594469e2713de8604 uvc-3701 m7x-title-h2 pb-4 text-uppercase uvc-heading-default-font-sizes\" data-hspacer=\"no_spacer\"  data-halign=\"center\" style=\"text-align:center\"><div class=\"uvc-heading-spacer no_spacer\" style=\"top\"><\/div><div class=\"uvc-main-heading ult-responsive\"  data-ultimate-target='.uvc-heading.ultimate-heading-594469e2713de8604 h2'  data-responsive-json-new='{\"font-size\":\"\",\"line-height\":\"\"}' ><h2 style=\"--font-weight:theme;\">Schulung<\/h2><\/div><\/div>[vc_column_text el_class=&#8220;text-center&#8220;]Oil&amp;Steel\u00a0glaubt an die Schulung zur Sicherheit am Arbeitsplatz und investiert darin. Unsere spezialisierten Techniker bieten Kurse an, um unser Werkstattnetz immer auf dem neuesten Stand zu halten.<\/p>\n<p>Oil&amp;Steel\u00a0organisiert auch regelm\u00e4\u00dfig technische Kurse f\u00fcr Monteure, die in den Servicebetrieben arbeiten. Die Kurse, die von spezialisierten\u00a0Oil&amp;Steel-Technikern\u00a0abgehalten werden, sollen sicherstellen, dass das Werkstattnetz immer bereit ist, jede Art von technischem Eingriff an den Hubarbeitsb\u00fchnen durchzuf\u00fchren.<\/p>\n<p>Oil&amp;Steel\u00a0ist davon \u00fcberzeugt, dass eine ad\u00e4quate Schulung eine unverzichtbare Gelegenheit ist, nicht nur die Sicherheit und Professionalit\u00e4t des beteiligten Personals, sondern auch die Rentabilit\u00e4t der H\u00f6henarbeit und die Betriebsbedingungen der Maschine zu verbessern.[\/vc_column_text][\/vc_column][\/vc_row][vc_row el_class=&#8220;py-5&#8243;][vc_column][vc_separator color=&#8220;custom&#8220; border_width=&#8220;8&#8243; el_width=&#8220;70&#8243; el_class=&#8220;m7x-divider&#8220;][\/vc_column][\/vc_row][vc_row el_class=&#8220;pt-5&#8243;][vc_column css_animation=&#8220;none&#8220; el_class=&#8220;pb-4 pb-md-0&#8243;]<div id=\"ultimate-heading-181669e2713de8642\" class=\"uvc-heading ult-adjust-bottom-margin ultimate-heading-181669e2713de8642 uvc-3689 m7x-title-h2 pb-4 text-uppercase uvc-heading-default-font-sizes\" data-hspacer=\"no_spacer\"  data-halign=\"center\" style=\"text-align:center\"><div class=\"uvc-heading-spacer no_spacer\" style=\"top\"><\/div><div class=\"uvc-main-heading ult-responsive\"  data-ultimate-target='.uvc-heading.ultimate-heading-181669e2713de8642 h2'  data-responsive-json-new='{\"font-size\":\"\",\"line-height\":\"\"}' ><h2 style=\"--font-weight:theme;\">IPAF-Kurse<\/h2><\/div><\/div><div class=\"ult-just-icon-wrapper mb-4 \"><div class=\"align-icon\" style=\"text-align:center;\">\n<div class=\"aio-icon-img  uavc-circle \" style=\"font-size:125px;background:#00164c;display:inline-block;\" >\n\t<img class=\"img-icon\" alt=\"null\" src=\"https:\/\/www.oilsteel.com\/de\/wp-content\/uploads\/sites\/5\/2021\/02\/os_logo_ipaf.png\"\/>\n<\/div><\/div><\/div>[vc_column_text el_class=&#8220;text-center&#8220;]Oil&amp;Steel\u00a0ist ein Zentrum, das autorisiert ist, IPAF-Kurse f\u00fcr den Einsatz von Hubarbeitsb\u00fchnen zu organisieren und durchzuf\u00fchren sowie nach einer positiven Beurteilung die internationale Lizenz f\u00fcr MEWP-Bediener auszustellen.<\/p>\n<p>Gem\u00e4\u00df dem IPAF-Ansatz gibt es zwei Schl\u00fcsselfiguren f\u00fcr den sicheren Einsatz dieser Maschinen:\u00a0Den Bediener und Den Einweiser<\/p>\n<p>F\u00fcr jede dieser Figuren bietet\u00a0Oil&amp;Steel\u00a0auch spezielle Kurse bei den Kunden an.[\/vc_column_text][\/vc_column][\/vc_row][vc_row el_class=&#8220;py-5&#8243;][vc_column][vc_separator color=&#8220;custom&#8220; border_width=&#8220;8&#8243; el_width=&#8220;70&#8243; el_class=&#8220;m7x-divider&#8220;][\/vc_column][\/vc_row][vc_row el_class=&#8220;pt-5&#8243;][vc_column css_animation=&#8220;none&#8220; el_class=&#8220;pb-4 pb-md-0&#8243;]<div id=\"ultimate-heading-588969e2713de8b2c\" class=\"uvc-heading ult-adjust-bottom-margin ultimate-heading-588969e2713de8b2c uvc-9235 m7x-title-h2 pb-4 text-uppercase uvc-heading-default-font-sizes\" data-hspacer=\"no_spacer\"  data-halign=\"center\" style=\"text-align:center\"><div class=\"uvc-heading-spacer no_spacer\" style=\"top\"><\/div><div class=\"uvc-main-heading ult-responsive\"  data-ultimate-target='.uvc-heading.ultimate-heading-588969e2713de8b2c h2'  data-responsive-json-new='{\"font-size\":\"\",\"line-height\":\"\"}' ><h2 style=\"--font-weight:theme;\">Kurse f\u00fcr Vertragswerkst\u00e4tten<\/h2><\/div><\/div>[vc_column_text el_class=&#8220;text-center&#8220;]Das autorisierte\u00a0Oil&amp;Steel\u00a0Servicenetz und der technische Kundendienst f\u00fcr Gro\u00dfkunden nehmen regelm\u00e4\u00dfig an technischen Weiterbildungskursen teil, die darauf abzielen, dass die Servicebetriebe immer bereit sind, jede Art von technischem Eingriff an den Arbeitsb\u00fchnen durchzuf\u00fchren.<\/p>\n<p>Die Kurse werden von spezialisierten\u00a0Oil&amp;Steel-Technikern\u00a0durchgef\u00fchrt, die seit Jahren die Schulungsprojekte betreuen.[\/vc_column_text][\/vc_column][\/vc_row][vc_row bg_type=&#8220;image&#8220; parallax_style=&#8220;vcpb-default&#8220; bg_image_new=&#8220;id^958|url^https:\/\/www.oilsteel.com\/wp-content\/uploads\/2021\/02\/os_training-bg_courses.jpg|caption^null|alt^null|title^os_training-bg_courses|description^null&#8220; bg_image_repeat=&#8220;no-repeat&#8220; bg_img_attach=&#8220;fixed&#8220; bg_override=&#8220;ex-full&#8220; el_class=&#8220;py-5 my-5 m7x-row-gradient-180&#8243;][vc_column css_animation=&#8220;none&#8220; el_class=&#8220;pb-4 pb-md-0&#8243;][\/vc_column][\/vc_row][vc_row][vc_column css_animation=&#8220;none&#8220; el_class=&#8220;pb-4 pb-md-0&#8243;]<style type=\"text\/css\" data-type=\"the7_shortcodes-inline-css\">#default-btn-cd22107a89a2c0ae107403e18fddde8a.ico-right-side > i {\n  margin-right: 0px;\n  margin-left: 8px;\n}\n#default-btn-cd22107a89a2c0ae107403e18fddde8a > i {\n  margin-right: 8px;\n}\n<\/style><div class=\"btn-align-center\"><a href=\"https:\/\/www.oilsteel.com\/de\/kontakt\/?subject=Anforderung%20von%20Schulungsinformationen&amp;office=Academy\" class=\"default-btn-shortcode dt-btn dt-btn-l link-hover-off m7x-btn \" id=\"default-btn-cd22107a89a2c0ae107403e18fddde8a\"><span>SCHREIBEN SIE UNS, UM AN UNSEREN KURSEN TEILZUNEHMEN<\/span><\/a><\/div>[\/vc_column][\/vc_row]<\/p>\n","protected":false},"excerpt":{"rendered":"<p>[vc_row][vc_column css_animation=&#8220;none&#8220; el_class=&#8220;pb-4 pb-md-0&#8243;][vc_column_text el_class=&#8220;text-center&#8220;]Oil&amp;Steel\u00a0glaubt an die Schulung zur Sicherheit am Arbeitsplatz und investiert darin. Unsere spezialisierten Techniker bieten Kurse an, um unser Werkstattnetz immer auf dem neuesten Stand zu halten. Oil&amp;Steel\u00a0organisiert auch regelm\u00e4\u00dfig technische Kurse f\u00fcr Monteure, die in den Servicebetrieben arbeiten. Die Kurse, die von spezialisierten\u00a0Oil&amp;Steel-Technikern\u00a0abgehalten werden, sollen sicherstellen, dass das Werkstattnetz immer&hellip;<\/p>\n","protected":false},"author":1,"featured_media":959,"parent":862,"menu_order":0,"comment_status":"closed","ping_status":"closed","template":"","meta":[],"acf":[],"_links":{"self":[{"href":"https:\/\/www.oilsteel.com\/de\/wp-json\/wp\/v2\/pages\/954"}],"collection":[{"href":"https:\/\/www.oilsteel.com\/de\/wp-json\/wp\/v2\/pages"}],"about":[{"href":"https:\/\/www.oilsteel.com\/de\/wp-json\/wp\/v2\/types\/page"}],"author":[{"embeddable":true,"href":"https:\/\/www.oilsteel.com\/de\/wp-json\/wp\/v2\/users\/1"}],"replies":[{"embeddable":true,"href":"https:\/\/www.oilsteel.com\/de\/wp-json\/wp\/v2\/comments?post=954"}],"version-history":[{"count":5,"href":"https:\/\/www.oilsteel.com\/de\/wp-json\/wp\/v2\/pages\/954\/revisions"}],"predecessor-version":[{"id":3988,"href":"https:\/\/www.oilsteel.com\/de\/wp-json\/wp\/v2\/pages\/954\/revisions\/3988"}],"up":[{"embeddable":true,"href":"https:\/\/www.oilsteel.com\/de\/wp-json\/wp\/v2\/pages\/862"}],"wp:featuredmedia":[{"embeddable":true,"href":"https:\/\/www.oilsteel.com\/de\/wp-json\/wp\/v2\/media\/959"}],"wp:attachment":[{"href":"https:\/\/www.oilsteel.com\/de\/wp-json\/wp\/v2\/media?parent=954"}],"curies":[{"name":"wp","href":"https:\/\/api.w.org\/{rel}","templated":true}]}}