{"id":865,"date":"2021-02-11T16:29:48","date_gmt":"2021-02-11T16:29:48","guid":{"rendered":"https:\/\/www.oilsteel.com\/?page_id=865"},"modified":"2025-12-02T17:11:44","modified_gmt":"2025-12-02T16:11:44","slug":"plants-and-branches","status":"publish","type":"page","link":"https:\/\/www.oilsteel.com\/en\/company\/plants-and-branches\/","title":{"rendered":"Plants and branches"},"content":{"rendered":"<p>[vc_row equal_height=&#8221;yes&#8221; content_placement=&#8221;middle&#8221; el_class=&#8221;pb-5&#8243;][vc_column css_animation=&#8221;none&#8221; width=&#8221;1\/2&#8243; el_class=&#8221;pb-4 pb-md-0&#8243; offset=&#8221;vc_col-md-offset-2 vc_col-md-4&#8243;]<div id=\"ultimate-heading-527169e25cdc9e810\" class=\"uvc-heading ult-adjust-bottom-margin ultimate-heading-527169e25cdc9e810 uvc-2457 m7x-title-h2 pb-4 uvc-heading-default-font-sizes\" data-hspacer=\"no_spacer\"  data-halign=\"center\" style=\"text-align:center\"><div class=\"uvc-heading-spacer no_spacer\" style=\"top\"><\/div><div class=\"uvc-main-heading ult-responsive\"  data-ultimate-target='.uvc-heading.ultimate-heading-527169e25cdc9e810 h2'  data-responsive-json-new='{\"font-size\":\"\",\"line-height\":\"\"}' ><h2 style=\"--font-weight:theme;\">Headquarters and production: San Cesario Sul Panaro - Modena - Italy<\/h2><\/div><\/div>[vc_column_text el_class=&#8221;text-center&#8221;]Oil&amp;Steel has its headquarters in San Cesario Sul Panaro (MO &#8211; Italy). This decision was made following the construction of a modern facility that now contains the management offices and all the various company departments: sales, marketing, technical design, R&amp;D, administration, technical assistance, spare parts and human resources.<\/p>\n<p><strong>PM Oil&amp;Steel S.p.A.<\/strong><br \/>\nVia G. Verdi 22<br \/>\n41018 San Cesario sul Panaro (Modena)<br \/>\nItaly<br \/>\nTel.: +39 059 936811 &#8211; Fax: +39 059 936800[\/vc_column_text][\/vc_column][vc_column css_animation=&#8221;none&#8221; width=&#8221;1\/2&#8243; offset=&#8221;vc_col-md-offset-2 vc_col-md-4&#8243;][vc_single_image image=&#8221;1640&#8243; img_size=&#8221;large&#8221; alignment=&#8221;center&#8221; onclick=&#8221;link_image&#8221; css_animation=&#8221;none&#8221; el_class=&#8221;mtx-img text-center-xs&#8221;][\/vc_column][\/vc_row][vc_row el_class=&#8221;py-5&#8243;][vc_column][vc_separator color=&#8221;custom&#8221; border_width=&#8221;8&#8243; el_width=&#8221;70&#8243; el_class=&#8221;m7x-accent&#8221;][\/vc_column][\/vc_row][vc_row el_class=&#8221;py-5&#8243;][vc_column][vc_row_inner][vc_column_inner]<div id=\"ultimate-heading-786069e25cdc9e84d\" class=\"uvc-heading ult-adjust-bottom-margin ultimate-heading-786069e25cdc9e84d uvc-4754 m7x-title-h2 pb-5 uvc-heading-default-font-sizes\" data-hspacer=\"no_spacer\"  data-halign=\"center\" style=\"text-align:center\"><div class=\"uvc-heading-spacer no_spacer\" style=\"top\"><\/div><div class=\"uvc-main-heading ult-responsive\"  data-ultimate-target='.uvc-heading.ultimate-heading-786069e25cdc9e84d h2'  data-responsive-json-new='{\"font-size\":\"\",\"line-height\":\"\"}' ><h2 style=\"--font-weight:theme;\">Commercial Subsidiaries<\/h2><\/div><\/div>[\/vc_column_inner][\/vc_row_inner][vc_row_inner equal_height=&#8221;yes&#8221; el_class=&#8221;pb-5&#8243;][vc_column_inner el_class=&#8221;pb-5&#8243; width=&#8221;1\/3&#8243;]<div class=\"aio-icon-component   m7x-info-box style_1\"><div id=\"Info-box-wrap-6004\" class=\"aio-icon-box top-icon\" style=\"\"  ><div class=\"aio-icon-top\"><div class=\"ult-just-icon-wrapper  \"><div class=\"align-icon\" style=\"text-align:center;\">\n<div class=\"aio-icon-img \" style=\"font-size:206px;display:inline-block;\" >\n\t<img class=\"img-icon\" alt=\"null\" src=\"https:\/\/www.oilsteel.com\/en\/wp-content\/uploads\/sites\/3\/2023\/02\/ManitexInternational_ApplicationEveryBrands.png\"\/>\n<\/div><\/div><\/div><\/div><div class=\"aio-icon-header\" ><h3 class=\"aio-icon-title ult-responsive\"  data-ultimate-target='#Info-box-wrap-6004 .aio-icon-title'  data-responsive-json-new='{\"font-size\":\"\",\"line-height\":\"\"}'  style=\"\">PM OIL&amp;STEEL ASIA<\/h3><\/div> <!-- header --><div class=\"aio-icon-description ult-responsive\"  data-ultimate-target='#Info-box-wrap-6004 .aio-icon-description'  data-responsive-json-new='{\"font-size\":\"\",\"line-height\":\"\"}'  style=\"\">at Beng Hock Mechanical Engineering Pte Ltd<br \/>\n11 Sungei Kadut Street 4<br \/>\n729041 Singapore<br \/>\nTel: +65 9847 0210<\/div> <!-- description --><\/div> <!-- aio-icon-box --><\/div> <!-- aio-icon-component -->[\/vc_column_inner][vc_column_inner el_class=&#8221;pb-5&#8243; width=&#8221;1\/3&#8243;]<div class=\"aio-icon-component   m7x-info-box style_1\"><div id=\"Info-box-wrap-3724\" class=\"aio-icon-box top-icon\" style=\"\"  ><div class=\"aio-icon-top\"><div class=\"ult-just-icon-wrapper  \"><div class=\"align-icon\" style=\"text-align:center;\">\n<div class=\"aio-icon-img \" style=\"font-size:206px;display:inline-block;\" >\n\t<img class=\"img-icon\" alt=\"null\" src=\"https:\/\/www.oilsteel.com\/en\/wp-content\/uploads\/sites\/3\/2023\/02\/ManitexInternational_ApplicationEveryBrands.png\"\/>\n<\/div><\/div><\/div><\/div><div class=\"aio-icon-header\" ><h3 class=\"aio-icon-title ult-responsive\"  data-ultimate-target='#Info-box-wrap-3724 .aio-icon-title'  data-responsive-json-new='{\"font-size\":\"\",\"line-height\":\"\"}'  style=\"\">PM OIL&amp;STEEL IBERICA SL Valencia<\/h3><\/div> <!-- header --><div class=\"aio-icon-description ult-responsive\"  data-ultimate-target='#Info-box-wrap-3724 .aio-icon-description'  data-responsive-json-new='{\"font-size\":\"\",\"line-height\":\"\"}'  style=\"\">Ctra Nacional III 339<br \/>\n46190 Riba-Roja del Turia, Valencia<br \/>\nSpain<br \/>\nTel.: +34 902 636 778<br \/>\nFax: +34 902 636 779<\/div> <!-- description --><\/div> <!-- aio-icon-box --><\/div> <!-- aio-icon-component -->[\/vc_column_inner][vc_column_inner el_class=&#8221;pb-5&#8243; width=&#8221;1\/3&#8243;]<div class=\"aio-icon-component   m7x-info-box style_1\"><div id=\"Info-box-wrap-7055\" class=\"aio-icon-box top-icon\" style=\"\"  ><div class=\"aio-icon-top\"><div class=\"ult-just-icon-wrapper  \"><div class=\"align-icon\" style=\"text-align:center;\">\n<div class=\"aio-icon-img \" style=\"font-size:206px;display:inline-block;\" >\n\t<img class=\"img-icon\" alt=\"null\" src=\"https:\/\/www.oilsteel.com\/en\/wp-content\/uploads\/sites\/3\/2023\/02\/ManitexInternational_ApplicationEveryBrands.png\"\/>\n<\/div><\/div><\/div><\/div><div class=\"aio-icon-header\" ><h3 class=\"aio-icon-title ult-responsive\"  data-ultimate-target='#Info-box-wrap-7055 .aio-icon-title'  data-responsive-json-new='{\"font-size\":\"\",\"line-height\":\"\"}'  style=\"\">PM OIL&amp;STEEL FRANCE<\/h3><\/div> <!-- header --><div class=\"aio-icon-description ult-responsive\"  data-ultimate-target='#Info-box-wrap-7055 .aio-icon-description'  data-responsive-json-new='{\"font-size\":\"\",\"line-height\":\"\"}'  style=\"\"><\/p>\n<p style=\"font-weight: 400\">Cyril ARNAUD<br \/>\n+33(0) 6 15 51 63 56<br \/>\n<a title=\"mailto:cyril.arnaud@tadano.com\" href=\"mailto:cyril.arnaud@tadano.com\">cyril.arnaud@tadano.com<\/a><br \/>\n151, Impasse de la Balme<br \/>\n69800, Saint- Priest (FR)<\/p>\n<p><\/div> <!-- description --><\/div> <!-- aio-icon-box --><\/div> <!-- aio-icon-component -->[\/vc_column_inner][vc_column_inner width=&#8221;1\/3&#8243;]<div class=\"aio-icon-component   m7x-info-box style_1\"><div id=\"Info-box-wrap-3444\" class=\"aio-icon-box top-icon\" style=\"\"  ><div class=\"aio-icon-top\"><div class=\"ult-just-icon-wrapper  \"><div class=\"align-icon\" style=\"text-align:center;\">\n<div class=\"aio-icon-img \" style=\"font-size:206px;display:inline-block;\" >\n\t<img class=\"img-icon\" alt=\"null\" src=\"https:\/\/www.oilsteel.com\/en\/wp-content\/uploads\/sites\/3\/2023\/02\/ManitexInternational_ApplicationEveryBrands.png\"\/>\n<\/div><\/div><\/div><\/div><div class=\"aio-icon-header\" ><h3 class=\"aio-icon-title ult-responsive\"  data-ultimate-target='#Info-box-wrap-3444 .aio-icon-title'  data-responsive-json-new='{\"font-size\":\"\",\"line-height\":\"\"}'  style=\"\">PM OIL&amp;STEEL ARGENTINA SISTEMAS DE ELEVACION SA<\/h3><\/div> <!-- header --><div class=\"aio-icon-description ult-responsive\"  data-ultimate-target='#Info-box-wrap-3444 .aio-icon-description'  data-responsive-json-new='{\"font-size\":\"\",\"line-height\":\"\"}'  style=\"\">Predio Industrial La Papelera<br \/>\nIntendente Neyer, 1133 Unid. 15<br \/>\nC.P. 1643 &#8211; Beccar &#8211; Prov. de Buenos Aires &#8211; Argentina<br \/>\nTel: +5411 4732-9008 \/ +54 11 4747 8003<br \/>\nCell. +54 911 5517 5579<br \/>\nFax:+5411 4747-8003<\/div> <!-- description --><\/div> <!-- aio-icon-box --><\/div> <!-- aio-icon-component -->[\/vc_column_inner][vc_column_inner width=&#8221;1\/3&#8243;]<div class=\"aio-icon-component   m7x-info-box style_1\"><div id=\"Info-box-wrap-1316\" class=\"aio-icon-box top-icon\" style=\"\"  ><div class=\"aio-icon-top\"><div class=\"ult-just-icon-wrapper  \"><div class=\"align-icon\" style=\"text-align:center;\">\n<div class=\"aio-icon-img \" style=\"font-size:206px;display:inline-block;\" >\n\t<img class=\"img-icon\" alt=\"null\" src=\"https:\/\/www.oilsteel.com\/en\/wp-content\/uploads\/sites\/3\/2023\/02\/ManitexInternational_ApplicationEveryBrands.png\"\/>\n<\/div><\/div><\/div><\/div><div class=\"aio-icon-header\" ><h3 class=\"aio-icon-title ult-responsive\"  data-ultimate-target='#Info-box-wrap-1316 .aio-icon-title'  data-responsive-json-new='{\"font-size\":\"\",\"line-height\":\"\"}'  style=\"\">PM OIL&amp;STEEL MEXICO<\/h3><\/div> <!-- header --><div class=\"aio-icon-description ult-responsive\"  data-ultimate-target='#Info-box-wrap-1316 .aio-icon-description'  data-responsive-json-new='{\"font-size\":\"\",\"line-height\":\"\"}'  style=\"\">Carretera Queretaro &#8211; Mexico KM 201.5, Bodega #50<br \/>\nEurobusiness Park El Marqu\u00e9s,<br \/>\nColonia Cumbres de Con\u00edn Tercera Secci\u00f3n, Mcpio. El Marqu\u00e9s,<br \/>\nCP. 76246<br \/>\nQueretaro<br \/>\nMexico<\/div> <!-- description --><\/div> <!-- aio-icon-box --><\/div> <!-- aio-icon-component -->[\/vc_column_inner][vc_column_inner width=&#8221;1\/3&#8243;]<div class=\"aio-icon-component   m7x-info-box style_1\"><div id=\"Info-box-wrap-7357\" class=\"aio-icon-box top-icon\" style=\"\"  ><div class=\"aio-icon-top\"><div class=\"ult-just-icon-wrapper  \"><div class=\"align-icon\" style=\"text-align:center;\">\n<div class=\"aio-icon-img \" style=\"font-size:206px;display:inline-block;\" >\n\t<img class=\"img-icon\" alt=\"null\" src=\"https:\/\/www.oilsteel.com\/en\/wp-content\/uploads\/sites\/3\/2023\/02\/ManitexInternational_ApplicationEveryBrands.png\"\/>\n<\/div><\/div><\/div><\/div><div class=\"aio-icon-header\" ><h3 class=\"aio-icon-title ult-responsive\"  data-ultimate-target='#Info-box-wrap-7357 .aio-icon-title'  data-responsive-json-new='{\"font-size\":\"\",\"line-height\":\"\"}'  style=\"\">PM OIL&amp;STEEL CILE<\/h3><\/div> <!-- header --><div class=\"aio-icon-description ult-responsive\"  data-ultimate-target='#Info-box-wrap-7357 .aio-icon-description'  data-responsive-json-new='{\"font-size\":\"\",\"line-height\":\"\"}'  style=\"\">Alcalde Guzm\u00e1n no. 0121, Galp\u00f3n Pyme 3<br \/>\nQuilicura &#8211; Santiago &#8211; Chile<br \/>\nTel.: +56 2 2 763 0300<br \/>\ninfo@pm-latinamerica.com<\/div> <!-- description --><\/div> <!-- aio-icon-box --><\/div> <!-- aio-icon-component -->[\/vc_column_inner][\/vc_row_inner][\/vc_column][\/vc_row]<\/p>\n","protected":false},"excerpt":{"rendered":"<p>[vc_row equal_height=&#8221;yes&#8221; content_placement=&#8221;middle&#8221; el_class=&#8221;pb-5&#8243;][vc_column css_animation=&#8221;none&#8221; width=&#8221;1\/2&#8243; el_class=&#8221;pb-4 pb-md-0&#8243; offset=&#8221;vc_col-md-offset-2 vc_col-md-4&#8243;][vc_column_text el_class=&#8221;text-center&#8221;]Oil&amp;Steel has its headquarters in San Cesario Sul Panaro (MO &#8211; Italy). This decision was made following the construction of a modern facility that now contains the management offices and all the various company departments: sales, marketing, technical design, R&amp;D, administration, technical assistance, spare parts&hellip;<\/p>\n","protected":false},"author":1,"featured_media":940,"parent":862,"menu_order":0,"comment_status":"closed","ping_status":"closed","template":"","meta":[],"acf":[],"_links":{"self":[{"href":"https:\/\/www.oilsteel.com\/en\/wp-json\/wp\/v2\/pages\/865"}],"collection":[{"href":"https:\/\/www.oilsteel.com\/en\/wp-json\/wp\/v2\/pages"}],"about":[{"href":"https:\/\/www.oilsteel.com\/en\/wp-json\/wp\/v2\/types\/page"}],"author":[{"embeddable":true,"href":"https:\/\/www.oilsteel.com\/en\/wp-json\/wp\/v2\/users\/1"}],"replies":[{"embeddable":true,"href":"https:\/\/www.oilsteel.com\/en\/wp-json\/wp\/v2\/comments?post=865"}],"version-history":[{"count":5,"href":"https:\/\/www.oilsteel.com\/en\/wp-json\/wp\/v2\/pages\/865\/revisions"}],"predecessor-version":[{"id":6415,"href":"https:\/\/www.oilsteel.com\/en\/wp-json\/wp\/v2\/pages\/865\/revisions\/6415"}],"up":[{"embeddable":true,"href":"https:\/\/www.oilsteel.com\/en\/wp-json\/wp\/v2\/pages\/862"}],"wp:featuredmedia":[{"embeddable":true,"href":"https:\/\/www.oilsteel.com\/en\/wp-json\/wp\/v2\/media\/940"}],"wp:attachment":[{"href":"https:\/\/www.oilsteel.com\/en\/wp-json\/wp\/v2\/media?parent=865"}],"curies":[{"name":"wp","href":"https:\/\/api.w.org\/{rel}","templated":true}]}}