{"id":864,"date":"2021-02-11T16:29:43","date_gmt":"2021-02-11T16:29:43","guid":{"rendered":"https:\/\/www.oilsteel.com\/?page_id=864"},"modified":"2021-03-17T15:35:57","modified_gmt":"2021-03-17T15:35:57","slug":"nuestra-historia","status":"publish","type":"page","link":"https:\/\/www.oilsteel.com\/es\/empresa\/nuestra-historia\/","title":{"rendered":"Nuestra historia"},"content":{"rendered":"<p>[vc_row equal_height=\u00bbyes\u00bb content_placement=\u00bbmiddle\u00bb el_class=\u00bbpy-5&#8243;][vc_column css_animation=\u00bbnone\u00bb width=\u00bb1\/2&#8243; el_class=\u00bbvc_col-sm-push-6 pb-4 pb-md-0&#8243;]<div id=\"ultimate-heading-396069f5101ce2f4c\" class=\"uvc-heading ult-adjust-bottom-margin ultimate-heading-396069f5101ce2f4c uvc-611 mtx-title-h2 text-center-xs pb-4 uvc-heading-default-font-sizes\" data-hspacer=\"no_spacer\"  data-halign=\"left\" style=\"text-align:left\"><div class=\"uvc-heading-spacer no_spacer\" style=\"top\"><\/div><div class=\"uvc-main-heading ult-responsive\"  data-ultimate-target='.uvc-heading.ultimate-heading-396069f5101ce2f4c h2'  data-responsive-json-new='{\"font-size\":\"\",\"line-height\":\"\"}' ><h2 style=\"--font-weight:theme;\">1995<\/h2><\/div><\/div>[vc_column_text el_class=\u00bbtext-center-xs\u00bb]Oil\u00a0&amp; Steel\u00a0S.p.A. fue fundada en 1995, demostrando inmediatamente marcadas dotes de calidad e innovaci\u00f3n que le permitieron alcanzar en pocos a\u00f1os el liderazgo tanto del mercado italiano como del europeo.[\/vc_column_text][\/vc_column][vc_column width=\u00bb1\/2&#8243; el_class=\u00bbvc_col-sm-pull-6&#8243;][vc_single_image image=\u00bb935&#8243; img_size=\u00bb350&#215;350&#8243; alignment=\u00bbcenter\u00bb style=\u00bbvc_box_circle_2&#8243; onclick=\u00bblink_image\u00bb el_class=\u00bbm7x-img rounded-5 text-center-xs\u00bb][\/vc_column][\/vc_row][vc_row equal_height=\u00bbyes\u00bb content_placement=\u00bbmiddle\u00bb bg_type=\u00bbbg_color\u00bb bg_override=\u00bbex-full\u00bb el_class=\u00bbpy-5 my-5&#8243; bg_color_value=\u00bb#f4f6fb\u00bb][vc_column css_animation=\u00bbnone\u00bb width=\u00bb1\/2&#8243; el_class=\u00bbpb-4 pb-md-0&#8243;]<div id=\"ultimate-heading-562969f5101ce2fa3\" class=\"uvc-heading ult-adjust-bottom-margin ultimate-heading-562969f5101ce2fa3 uvc-6615 m7x-title-h2 text-center-xs pb-4 uvc-heading-default-font-sizes\" data-hspacer=\"no_spacer\"  data-halign=\"left\" style=\"text-align:left\"><div class=\"uvc-heading-spacer no_spacer\" style=\"top\"><\/div><div class=\"uvc-main-heading ult-responsive\"  data-ultimate-target='.uvc-heading.ultimate-heading-562969f5101ce2fa3 h2'  data-responsive-json-new='{\"font-size\":\"\",\"line-height\":\"\"}' ><h2 style=\"--font-weight:theme;\">1996<\/h2><\/div><\/div>[vc_column_text el_class=\u00bbtext-center-xs\u00bb]En 1996 la empresa, muy atenta a la evoluci\u00f3n del mercado, fue la primera en lanzar una l\u00ednea de plataformas con orugas dotadas de estabilizadores de bajada hidr\u00e1ulica denominada\u00a0Octopussy.\u00a0La extrema compatibilidad y versatilidad convirti\u00f3 al innovador equipo en uno de los m\u00e1s vendidos, siendo aun hoy un producto top dentro de la gama\u00a0Oil\u00a0&amp; Steel.[\/vc_column_text][\/vc_column][vc_column css_animation=\u00bbnone\u00bb width=\u00bb1\/2&#8243;][vc_single_image image=\u00bb925&#8243; img_size=\u00bb350&#215;350&#8243; alignment=\u00bbcenter\u00bb style=\u00bbvc_box_circle_2&#8243; onclick=\u00bblink_image\u00bb el_class=\u00bbm7x-img rounded-5 text-center-xs\u00bb][\/vc_column][\/vc_row][vc_row equal_height=\u00bbyes\u00bb content_placement=\u00bbmiddle\u00bb el_class=\u00bbpy-5&#8243;][vc_column css_animation=\u00bbnone\u00bb width=\u00bb1\/2&#8243; el_class=\u00bbvc_col-sm-push-6 pb-4 pb-md-0&#8243;]<div id=\"ultimate-heading-643169f5101ce2fd8\" class=\"uvc-heading ult-adjust-bottom-margin ultimate-heading-643169f5101ce2fd8 uvc-9516 mtx-title-h2 text-center-xs pb-4 uvc-heading-default-font-sizes\" data-hspacer=\"no_spacer\"  data-halign=\"left\" style=\"text-align:left\"><div class=\"uvc-heading-spacer no_spacer\" style=\"top\"><\/div><div class=\"uvc-main-heading ult-responsive\"  data-ultimate-target='.uvc-heading.ultimate-heading-643169f5101ce2fd8 h2'  data-responsive-json-new='{\"font-size\":\"\",\"line-height\":\"\"}' ><h2 style=\"--font-weight:theme;\">2003<\/h2><\/div><\/div>[vc_column_text el_class=\u00bbtext-center-xs\u00bb]A mediados del 2003, la empresa es comprada por\u00a0la entonces\u00a0Autogru\u00a0PM\u00a0S.p.A., que pas\u00f3 a ser m\u00e1s tarde PM\u00a0Group\u00a0S.p.A.\u00a0El objetivo de la operaci\u00f3n fue crear el primer grupo italiano en el sector de la elevaci\u00f3n de cosas y personas.[\/vc_column_text][\/vc_column][vc_column width=\u00bb1\/2&#8243; el_class=\u00bbvc_col-sm-pull-6&#8243;][vc_single_image image=\u00bb929&#8243; img_size=\u00bbfull\u00bb alignment=\u00bbcenter\u00bb image_hovers=\u00bbfalse\u00bb el_class=\u00bbm7x-img rounded-5 text-center-xs\u00bb][\/vc_column][\/vc_row][vc_row equal_height=\u00bbyes\u00bb content_placement=\u00bbmiddle\u00bb bg_type=\u00bbbg_color\u00bb bg_override=\u00bbex-full\u00bb el_class=\u00bbpy-5 my-5&#8243; bg_color_value=\u00bb#f4f6fb\u00bb][vc_column css_animation=\u00bbnone\u00bb width=\u00bb1\/2&#8243; el_class=\u00bbpb-4 pb-md-0&#8243;]<div id=\"ultimate-heading-95969f5101ce300b\" class=\"uvc-heading ult-adjust-bottom-margin ultimate-heading-95969f5101ce300b uvc-3448 m7x-title-h2 text-center-xs pb-4 uvc-heading-default-font-sizes\" data-hspacer=\"no_spacer\"  data-halign=\"left\" style=\"text-align:left\"><div class=\"uvc-heading-spacer no_spacer\" style=\"top\"><\/div><div class=\"uvc-main-heading ult-responsive\"  data-ultimate-target='.uvc-heading.ultimate-heading-95969f5101ce300b h2'  data-responsive-json-new='{\"font-size\":\"\",\"line-height\":\"\"}' ><h2 style=\"--font-weight:theme;\">2015<\/h2><\/div><\/div>[vc_column_text el_class=\u00bbtext-center-xs\u00bb]Manitex International Inc. adquiere la marca\u00a0Oil&amp;Steel.[\/vc_column_text][\/vc_column][vc_column css_animation=\u00bbnone\u00bb width=\u00bb1\/2&#8243;][vc_single_image image=\u00bb1177&#8243; img_size=\u00bb350&#215;350&#8243; alignment=\u00bbcenter\u00bb style=\u00bbvc_box_circle_2&#8243; onclick=\u00bblink_image\u00bb el_class=\u00bbm7x-img rounded-5 text-center-xs\u00bb][\/vc_column][\/vc_row][vc_row equal_height=\u00bbyes\u00bb content_placement=\u00bbmiddle\u00bb el_class=\u00bbpy-5&#8243;][vc_column css_animation=\u00bbnone\u00bb width=\u00bb1\/2&#8243; el_class=\u00bbvc_col-sm-push-6 pb-4 pb-md-0&#8243;]<div id=\"ultimate-heading-500769f5101ce303b\" class=\"uvc-heading ult-adjust-bottom-margin ultimate-heading-500769f5101ce303b uvc-180 mtx-title-h2 text-center-xs pb-4 uvc-heading-default-font-sizes\" data-hspacer=\"no_spacer\"  data-halign=\"left\" style=\"text-align:left\"><div class=\"uvc-heading-spacer no_spacer\" style=\"top\"><\/div><div class=\"uvc-main-heading ult-responsive\"  data-ultimate-target='.uvc-heading.ultimate-heading-500769f5101ce303b h2'  data-responsive-json-new='{\"font-size\":\"\",\"line-height\":\"\"}' ><h2 style=\"--font-weight:theme;\">2018<\/h2><\/div><\/div>[vc_column_text el_class=\u00bbtext-center-xs\u00bb]La empresa decide unificar las dos empresas, PM\u00a0Group\u00a0Spa y\u00a0Oil&amp;Steel\u00a0Spa, convirti\u00e9ndose en la actual PM\u00a0Oil&amp;Steel\u00a0Spa.[\/vc_column_text][\/vc_column][vc_column width=\u00bb1\/2&#8243; el_class=\u00bbvc_col-sm-pull-6&#8243;][vc_single_image image=\u00bb1575&#8243; img_size=\u00bbfull\u00bb alignment=\u00bbcenter\u00bb image_hovers=\u00bbfalse\u00bb el_class=\u00bbm7x-img rounded-5 text-center-xs\u00bb][\/vc_column][\/vc_row][vc_row equal_height=\u00bbyes\u00bb content_placement=\u00bbmiddle\u00bb bg_type=\u00bbbg_color\u00bb bg_override=\u00bbex-full\u00bb el_class=\u00bbpy-5 mt-5&#8243; bg_color_value=\u00bb#f4f6fb\u00bb][vc_column css_animation=\u00bbnone\u00bb width=\u00bb1\/2&#8243; el_class=\u00bbpb-4 pb-md-0&#8243;]<div id=\"ultimate-heading-433669f5101ce306a\" class=\"uvc-heading ult-adjust-bottom-margin ultimate-heading-433669f5101ce306a uvc-5237 m7x-title-h2 text-center-xs pb-4 uvc-heading-default-font-sizes\" data-hspacer=\"no_spacer\"  data-halign=\"left\" style=\"text-align:left\"><div class=\"uvc-heading-spacer no_spacer\" style=\"top\"><\/div><div class=\"uvc-main-heading ult-responsive\"  data-ultimate-target='.uvc-heading.ultimate-heading-433669f5101ce306a h2'  data-responsive-json-new='{\"font-size\":\"\",\"line-height\":\"\"}' ><h2 style=\"--font-weight:theme;\">2020<\/h2><\/div><\/div>[vc_column_text el_class=\u00bbtext-center-xs\u00bb]Hoy\u00a0Oil&amp;Steel, que ha cumplido 25 a\u00f1os, es una marca din\u00e1mica, l\u00edder a nivel europeo en el sector de referencia y forma parte de Manitex International, uno de los principales grupos mundiales en el sector del trabajo en altura.[\/vc_column_text][\/vc_column][vc_column css_animation=\u00bbnone\u00bb width=\u00bb1\/2&#8243;][vc_single_image image=\u00bb940&#8243; img_size=\u00bb350&#215;350&#8243; alignment=\u00bbcenter\u00bb style=\u00bbvc_box_circle_2&#8243; onclick=\u00bblink_image\u00bb el_class=\u00bbm7x-img rounded-5 text-center-xs\u00bb][\/vc_column][\/vc_row]<\/p>\n","protected":false},"excerpt":{"rendered":"<p>[vc_row equal_height=\u00bbyes\u00bb content_placement=\u00bbmiddle\u00bb el_class=\u00bbpy-5&#8243;][vc_column css_animation=\u00bbnone\u00bb width=\u00bb1\/2&#8243; el_class=\u00bbvc_col-sm-push-6 pb-4 pb-md-0&#8243;][vc_column_text el_class=\u00bbtext-center-xs\u00bb]Oil\u00a0&amp; Steel\u00a0S.p.A. fue fundada en 1995, demostrando inmediatamente marcadas dotes de calidad e innovaci\u00f3n que le permitieron alcanzar en pocos a\u00f1os el liderazgo tanto del mercado italiano como del europeo.[\/vc_column_text][\/vc_column][vc_column width=\u00bb1\/2&#8243; el_class=\u00bbvc_col-sm-pull-6&#8243;][vc_single_image image=\u00bb935&#8243; img_size=\u00bb350&#215;350&#8243; alignment=\u00bbcenter\u00bb style=\u00bbvc_box_circle_2&#8243; onclick=\u00bblink_image\u00bb el_class=\u00bbm7x-img rounded-5 text-center-xs\u00bb][\/vc_column][\/vc_row][vc_row equal_height=\u00bbyes\u00bb content_placement=\u00bbmiddle\u00bb bg_type=\u00bbbg_color\u00bb bg_override=\u00bbex-full\u00bb el_class=\u00bbpy-5 my-5&#8243;&hellip;<\/p>\n","protected":false},"author":1,"featured_media":925,"parent":862,"menu_order":0,"comment_status":"closed","ping_status":"closed","template":"","meta":[],"acf":[],"_links":{"self":[{"href":"https:\/\/www.oilsteel.com\/es\/wp-json\/wp\/v2\/pages\/864"}],"collection":[{"href":"https:\/\/www.oilsteel.com\/es\/wp-json\/wp\/v2\/pages"}],"about":[{"href":"https:\/\/www.oilsteel.com\/es\/wp-json\/wp\/v2\/types\/page"}],"author":[{"embeddable":true,"href":"https:\/\/www.oilsteel.com\/es\/wp-json\/wp\/v2\/users\/1"}],"replies":[{"embeddable":true,"href":"https:\/\/www.oilsteel.com\/es\/wp-json\/wp\/v2\/comments?post=864"}],"version-history":[{"count":5,"href":"https:\/\/www.oilsteel.com\/es\/wp-json\/wp\/v2\/pages\/864\/revisions"}],"predecessor-version":[{"id":1597,"href":"https:\/\/www.oilsteel.com\/es\/wp-json\/wp\/v2\/pages\/864\/revisions\/1597"}],"up":[{"embeddable":true,"href":"https:\/\/www.oilsteel.com\/es\/wp-json\/wp\/v2\/pages\/862"}],"wp:featuredmedia":[{"embeddable":true,"href":"https:\/\/www.oilsteel.com\/es\/wp-json\/wp\/v2\/media\/925"}],"wp:attachment":[{"href":"https:\/\/www.oilsteel.com\/es\/wp-json\/wp\/v2\/media?parent=864"}],"curies":[{"name":"wp","href":"https:\/\/api.w.org\/{rel}","templated":true}]}}