{"id":865,"date":"2021-02-11T16:29:48","date_gmt":"2021-02-11T16:29:48","guid":{"rendered":"https:\/\/www.oilsteel.com\/?page_id=865"},"modified":"2025-12-02T17:16:41","modified_gmt":"2025-12-02T16:16:41","slug":"establecimientos-y-filiales","status":"publish","type":"page","link":"https:\/\/www.oilsteel.com\/es\/empresa\/establecimientos-y-filiales\/","title":{"rendered":"Establecimientos y filiales"},"content":{"rendered":"<p>[vc_row equal_height=\u00bbyes\u00bb content_placement=\u00bbmiddle\u00bb el_class=\u00bbpb-5&#8243;][vc_column css_animation=\u00bbnone\u00bb width=\u00bb1\/2&#8243; el_class=\u00bbpb-4 pb-md-0&#8243; offset=\u00bbvc_col-md-offset-2 vc_col-md-4&#8243;]<div id=\"ultimate-heading-977369e24b89e195b\" class=\"uvc-heading ult-adjust-bottom-margin ultimate-heading-977369e24b89e195b uvc-1407 m7x-title-h2 pb-4 uvc-heading-default-font-sizes\" data-hspacer=\"no_spacer\"  data-halign=\"center\" style=\"text-align:center\"><div class=\"uvc-heading-spacer no_spacer\" style=\"top\"><\/div><div class=\"uvc-main-heading ult-responsive\"  data-ultimate-target='.uvc-heading.ultimate-heading-977369e24b89e195b h2'  data-responsive-json-new='{\"font-size\":\"\",\"line-height\":\"\"}' ><h2 style=\"--font-weight:theme;\">Sede principal y producci\u00f3n:<br \/>\nSan Cesario sul Panaro - Modena - Italia<\/h2><\/div><\/div>[vc_column_text el_class=\u00bbtext-center\u00bb]Oil&amp;Steel\u00a0tiene su sede principal en San Cesario Sul\u00a0Panaro\u00a0( MO\u00a0&#8211;\u00a0Italia ).\u00a0El lugar se eligi\u00f3 luego de la construcci\u00f3n de una modern\u00edsima estructura que hoy aloja las oficinas de direcci\u00f3n y todos los departamentos de la empresa: comercial, marketing, dise\u00f1o t\u00e9cnico, I&amp;D, administrativo, asistencia t\u00e9cnica, recambios y recursos humanos.<\/p>\n<p><strong>PM\u00a0Oil&amp;Steel\u00a0S.p.A.<\/strong><br \/>\nVia\u00a0G. Verdi 22<br \/>\n41018\u00a0San\u00a0Cesario\u00a0sul\u00a0Panaro\u00a0(Modena)<br \/>\nItalia<br \/>\nTel.:\u00a0+39 059 936811 &#8211; Fax:\u00a0+39 059 936800[\/vc_column_text][\/vc_column][vc_column css_animation=\u00bbnone\u00bb width=\u00bb1\/2&#8243; offset=\u00bbvc_col-md-offset-2 vc_col-md-4&#8243;][vc_single_image image=\u00bb1613&#8243; img_size=\u00bblarge\u00bb alignment=\u00bbcenter\u00bb onclick=\u00bblink_image\u00bb css_animation=\u00bbnone\u00bb el_class=\u00bbmtx-img text-center-xs\u00bb][\/vc_column][\/vc_row][vc_row el_class=\u00bbpy-5&#8243;][vc_column][vc_separator color=\u00bbcustom\u00bb border_width=\u00bb8&#8243; el_width=\u00bb70&#8243; el_class=\u00bbm7x-accent\u00bb][\/vc_column][\/vc_row][vc_row el_class=\u00bbpy-5&#8243;][vc_column][vc_row_inner][vc_column_inner]<div id=\"ultimate-heading-634169e24b89e1996\" class=\"uvc-heading ult-adjust-bottom-margin ultimate-heading-634169e24b89e1996 uvc-1780 m7x-title-h2 pb-5 uvc-heading-default-font-sizes\" data-hspacer=\"no_spacer\"  data-halign=\"center\" style=\"text-align:center\"><div class=\"uvc-heading-spacer no_spacer\" style=\"top\"><\/div><div class=\"uvc-main-heading ult-responsive\"  data-ultimate-target='.uvc-heading.ultimate-heading-634169e24b89e1996 h2'  data-responsive-json-new='{\"font-size\":\"\",\"line-height\":\"\"}' ><h2 style=\"--font-weight:theme;\">Filiales Comerciales<\/h2><\/div><\/div>[\/vc_column_inner][\/vc_row_inner][vc_row_inner equal_height=\u00bbyes\u00bb el_class=\u00bbpb-5&#8243;][vc_column_inner el_class=\u00bbpb-5&#8243; width=\u00bb1\/3&#8243;]<div class=\"aio-icon-component   m7x-info-box style_1\"><div id=\"Info-box-wrap-3979\" class=\"aio-icon-box top-icon\" style=\"\"  ><div class=\"aio-icon-top\"><div class=\"ult-just-icon-wrapper  \"><div class=\"align-icon\" style=\"text-align:center;\">\n<div class=\"aio-icon-img \" style=\"font-size:206px;display:inline-block;\" >\n\t<img class=\"img-icon\" alt=\"null\" src=\"https:\/\/www.oilsteel.com\/es\/wp-content\/uploads\/sites\/6\/2023\/02\/ManitexInternational_ApplicationEveryBrands.png\"\/>\n<\/div><\/div><\/div><\/div><div class=\"aio-icon-header\" ><h3 class=\"aio-icon-title ult-responsive\"  data-ultimate-target='#Info-box-wrap-3979 .aio-icon-title'  data-responsive-json-new='{\"font-size\":\"\",\"line-height\":\"\"}'  style=\"\">PM OIL&amp;STEEL ASIA<\/h3><\/div> <!-- header --><div class=\"aio-icon-description ult-responsive\"  data-ultimate-target='#Info-box-wrap-3979 .aio-icon-description'  data-responsive-json-new='{\"font-size\":\"\",\"line-height\":\"\"}'  style=\"\">en\u00a0Beng\u00a0Hock\u00a0Mechanical\u00a0Engineering\u00a0Pte\u00a0Ltd<br \/>\n11\u00a0Sungei\u00a0Kadut\u00a0Street 4<br \/>\n729041 Singapur<br \/>\nTel:\u00a0+65 9847 0210<\/div> <!-- description --><\/div> <!-- aio-icon-box --><\/div> <!-- aio-icon-component -->[\/vc_column_inner][vc_column_inner el_class=\u00bbpb-5&#8243; width=\u00bb1\/3&#8243;]<div class=\"aio-icon-component   m7x-info-box style_1\"><div id=\"Info-box-wrap-1103\" class=\"aio-icon-box top-icon\" style=\"\"  ><div class=\"aio-icon-top\"><div class=\"ult-just-icon-wrapper  \"><div class=\"align-icon\" style=\"text-align:center;\">\n<div class=\"aio-icon-img \" style=\"font-size:206px;display:inline-block;\" >\n\t<img class=\"img-icon\" alt=\"null\" src=\"https:\/\/www.oilsteel.com\/es\/wp-content\/uploads\/sites\/6\/2023\/02\/ManitexInternational_ApplicationEveryBrands.png\"\/>\n<\/div><\/div><\/div><\/div><div class=\"aio-icon-header\" ><h3 class=\"aio-icon-title ult-responsive\"  data-ultimate-target='#Info-box-wrap-1103 .aio-icon-title'  data-responsive-json-new='{\"font-size\":\"\",\"line-height\":\"\"}'  style=\"\">PM OIL&amp;STEEL IBERICA<\/h3><\/div> <!-- header --><div class=\"aio-icon-description ult-responsive\"  data-ultimate-target='#Info-box-wrap-1103 .aio-icon-description'  data-responsive-json-new='{\"font-size\":\"\",\"line-height\":\"\"}'  style=\"\">Ctra\u00a0Nacional III 339<br \/>\n46190 Ribarroja de Turia, Valencia<br \/>\nEspa\u00f1a<br \/>\nTel.:\u00a0+34 902 636 778<br \/>\nFax:\u00a0+34 902 636 779<\/div> <!-- description --><\/div> <!-- aio-icon-box --><\/div> <!-- aio-icon-component -->[\/vc_column_inner][vc_column_inner el_class=\u00bbpb-5&#8243; width=\u00bb1\/3&#8243;]<div class=\"aio-icon-component   m7x-info-box style_1\"><div id=\"Info-box-wrap-8691\" class=\"aio-icon-box top-icon\" style=\"\"  ><div class=\"aio-icon-top\"><div class=\"ult-just-icon-wrapper  \"><div class=\"align-icon\" style=\"text-align:center;\">\n<div class=\"aio-icon-img \" style=\"font-size:206px;display:inline-block;\" >\n\t<img class=\"img-icon\" alt=\"null\" src=\"https:\/\/www.oilsteel.com\/es\/wp-content\/uploads\/sites\/6\/2023\/02\/ManitexInternational_ApplicationEveryBrands.png\"\/>\n<\/div><\/div><\/div><\/div><div class=\"aio-icon-header\" ><h3 class=\"aio-icon-title ult-responsive\"  data-ultimate-target='#Info-box-wrap-8691 .aio-icon-title'  data-responsive-json-new='{\"font-size\":\"\",\"line-height\":\"\"}'  style=\"\">PM OIL&amp;STEEL FRANCE<\/h3><\/div> <!-- header --><div class=\"aio-icon-description ult-responsive\"  data-ultimate-target='#Info-box-wrap-8691 .aio-icon-description'  data-responsive-json-new='{\"font-size\":\"\",\"line-height\":\"\"}'  style=\"\"><\/p>\n<p style=\"font-weight: 400\">Cyril ARNAUD<br \/>\n+33(0) 6 15 51 63 56<br \/>\n<a title=\"mailto:cyril.arnaud@tadano.com\" href=\"mailto:cyril.arnaud@tadano.com\">cyril.arnaud@tadano.com<\/a><br \/>\n151, Impasse de la Balme<br \/>\n69800, Saint- Priest (FR)<\/p>\n<p><\/div> <!-- description --><\/div> <!-- aio-icon-box --><\/div> <!-- aio-icon-component -->[\/vc_column_inner][vc_column_inner width=\u00bb1\/3&#8243;]<div class=\"aio-icon-component   m7x-info-box style_1\"><div id=\"Info-box-wrap-1464\" class=\"aio-icon-box top-icon\" style=\"\"  ><div class=\"aio-icon-top\"><div class=\"ult-just-icon-wrapper  \"><div class=\"align-icon\" style=\"text-align:center;\">\n<div class=\"aio-icon-img \" style=\"font-size:206px;display:inline-block;\" >\n\t<img class=\"img-icon\" alt=\"null\" src=\"https:\/\/www.oilsteel.com\/es\/wp-content\/uploads\/sites\/6\/2023\/02\/ManitexInternational_ApplicationEveryBrands.png\"\/>\n<\/div><\/div><\/div><\/div><div class=\"aio-icon-header\" ><h3 class=\"aio-icon-title ult-responsive\"  data-ultimate-target='#Info-box-wrap-1464 .aio-icon-title'  data-responsive-json-new='{\"font-size\":\"\",\"line-height\":\"\"}'  style=\"\">PM ARGENTINA<\/h3><\/div> <!-- header --><div class=\"aio-icon-description ult-responsive\"  data-ultimate-target='#Info-box-wrap-1464 .aio-icon-description'  data-responsive-json-new='{\"font-size\":\"\",\"line-height\":\"\"}'  style=\"\">Predio Industrial La Papelera<br \/>\nIntendente\u00a0Neyer, 1133 Unid.\u00a015<br \/>\nC.P.\u00a01643 &#8211; Beccar &#8211; Prov. de Buenos Aires &#8211; Argentina<br \/>\nTel:\u00a0+5411\u00a0 4732-9008 \/ +54 11 4747 8003<br \/>\nCel.\u00a0+54 911 5517 5579<br \/>\nFax:+5411\u00a0 4747-8003<\/div> <!-- description --><\/div> <!-- aio-icon-box --><\/div> <!-- aio-icon-component -->[\/vc_column_inner][vc_column_inner width=\u00bb1\/3&#8243;]<div class=\"aio-icon-component   m7x-info-box style_1\"><div id=\"Info-box-wrap-7554\" class=\"aio-icon-box top-icon\" style=\"\"  ><div class=\"aio-icon-top\"><div class=\"ult-just-icon-wrapper  \"><div class=\"align-icon\" style=\"text-align:center;\">\n<div class=\"aio-icon-img \" style=\"font-size:206px;display:inline-block;\" >\n\t<img class=\"img-icon\" alt=\"null\" src=\"https:\/\/www.oilsteel.com\/es\/wp-content\/uploads\/sites\/6\/2023\/02\/ManitexInternational_ApplicationEveryBrands.png\"\/>\n<\/div><\/div><\/div><\/div><div class=\"aio-icon-header\" ><h3 class=\"aio-icon-title ult-responsive\"  data-ultimate-target='#Info-box-wrap-7554 .aio-icon-title'  data-responsive-json-new='{\"font-size\":\"\",\"line-height\":\"\"}'  style=\"\">PM MEXICO<\/h3><\/div> <!-- header --><div class=\"aio-icon-description ult-responsive\"  data-ultimate-target='#Info-box-wrap-7554 .aio-icon-description'  data-responsive-json-new='{\"font-size\":\"\",\"line-height\":\"\"}'  style=\"\">Carretera\u00a0Queretaro- M\u00e9xico KM\u00a0201.5 ,\u00a0Bodega #50<br \/>\nEurobusiness\u00a0Park El Marqu\u00e9s,<br \/>\nColonia Cumbres de Con\u00edn Tercera Secci\u00f3n,\u00a0Mcpio.\u00a0El Marqu\u00e9s,<br \/>\nCP. 76246<br \/>\nQueretaro<br \/>\nM\u00e9xico<\/div> <!-- description --><\/div> <!-- aio-icon-box --><\/div> <!-- aio-icon-component -->[\/vc_column_inner][vc_column_inner width=\u00bb1\/3&#8243;]<div class=\"aio-icon-component   m7x-info-box style_1\"><div id=\"Info-box-wrap-3382\" class=\"aio-icon-box top-icon\" style=\"\"  ><div class=\"aio-icon-top\"><div class=\"ult-just-icon-wrapper  \"><div class=\"align-icon\" style=\"text-align:center;\">\n<div class=\"aio-icon-img \" style=\"font-size:206px;display:inline-block;\" >\n\t<img class=\"img-icon\" alt=\"null\" src=\"https:\/\/www.oilsteel.com\/es\/wp-content\/uploads\/sites\/6\/2023\/02\/ManitexInternational_ApplicationEveryBrands.png\"\/>\n<\/div><\/div><\/div><\/div><div class=\"aio-icon-header\" ><h3 class=\"aio-icon-title ult-responsive\"  data-ultimate-target='#Info-box-wrap-3382 .aio-icon-title'  data-responsive-json-new='{\"font-size\":\"\",\"line-height\":\"\"}'  style=\"\">PM CHILE<\/h3><\/div> <!-- header --><div class=\"aio-icon-description ult-responsive\"  data-ultimate-target='#Info-box-wrap-3382 .aio-icon-description'  data-responsive-json-new='{\"font-size\":\"\",\"line-height\":\"\"}'  style=\"\">Alcalde Guzm\u00e1n n\u00b00121, Galp\u00f3n Pyme 3<br \/>\nQuilicura &#8211; Santiago &#8211; Chile<br \/>\nTel.:\u00a0+56 2 2 763 0300<br \/>\ninfo@pm-latinamerica.com<\/div> <!-- description --><\/div> <!-- aio-icon-box --><\/div> <!-- aio-icon-component -->[\/vc_column_inner][\/vc_row_inner][\/vc_column][\/vc_row]<\/p>\n","protected":false},"excerpt":{"rendered":"<p>[vc_row equal_height=\u00bbyes\u00bb content_placement=\u00bbmiddle\u00bb el_class=\u00bbpb-5&#8243;][vc_column css_animation=\u00bbnone\u00bb width=\u00bb1\/2&#8243; el_class=\u00bbpb-4 pb-md-0&#8243; offset=\u00bbvc_col-md-offset-2 vc_col-md-4&#8243;][vc_column_text el_class=\u00bbtext-center\u00bb]Oil&amp;Steel\u00a0tiene su sede principal en San Cesario Sul\u00a0Panaro\u00a0( MO\u00a0&#8211;\u00a0Italia ).\u00a0El lugar se eligi\u00f3 luego de la construcci\u00f3n de una modern\u00edsima estructura que hoy aloja las oficinas de direcci\u00f3n y todos los departamentos de la empresa: comercial, marketing, dise\u00f1o t\u00e9cnico, I&amp;D, administrativo, asistencia t\u00e9cnica, recambios y&hellip;<\/p>\n","protected":false},"author":1,"featured_media":940,"parent":862,"menu_order":0,"comment_status":"closed","ping_status":"closed","template":"","meta":[],"acf":[],"_links":{"self":[{"href":"https:\/\/www.oilsteel.com\/es\/wp-json\/wp\/v2\/pages\/865"}],"collection":[{"href":"https:\/\/www.oilsteel.com\/es\/wp-json\/wp\/v2\/pages"}],"about":[{"href":"https:\/\/www.oilsteel.com\/es\/wp-json\/wp\/v2\/types\/page"}],"author":[{"embeddable":true,"href":"https:\/\/www.oilsteel.com\/es\/wp-json\/wp\/v2\/users\/1"}],"replies":[{"embeddable":true,"href":"https:\/\/www.oilsteel.com\/es\/wp-json\/wp\/v2\/comments?post=865"}],"version-history":[{"count":5,"href":"https:\/\/www.oilsteel.com\/es\/wp-json\/wp\/v2\/pages\/865\/revisions"}],"predecessor-version":[{"id":5767,"href":"https:\/\/www.oilsteel.com\/es\/wp-json\/wp\/v2\/pages\/865\/revisions\/5767"}],"up":[{"embeddable":true,"href":"https:\/\/www.oilsteel.com\/es\/wp-json\/wp\/v2\/pages\/862"}],"wp:featuredmedia":[{"embeddable":true,"href":"https:\/\/www.oilsteel.com\/es\/wp-json\/wp\/v2\/media\/940"}],"wp:attachment":[{"href":"https:\/\/www.oilsteel.com\/es\/wp-json\/wp\/v2\/media?parent=865"}],"curies":[{"name":"wp","href":"https:\/\/api.w.org\/{rel}","templated":true}]}}