{"id":868,"date":"2021-02-11T16:31:23","date_gmt":"2021-02-11T16:31:23","guid":{"rendered":"https:\/\/www.oilsteel.com\/?page_id=868"},"modified":"2021-05-28T08:34:54","modified_gmt":"2021-05-28T08:34:54","slug":"postventa","status":"publish","type":"page","link":"https:\/\/www.oilsteel.com\/es\/postventa\/","title":{"rendered":"Postventa"},"content":{"rendered":"<p>[vc_row][vc_column css_animation=\u00bbnone\u00bb el_class=\u00bbpb-4 pb-md-0&#8243;]<div id=\"ultimate-heading-519669e3675baa66a\" class=\"uvc-heading ult-adjust-bottom-margin ultimate-heading-519669e3675baa66a uvc-9045 m7x-title-h2 pb-4 text-uppercase uvc-heading-default-font-sizes\" data-hspacer=\"no_spacer\"  data-halign=\"center\" style=\"text-align:center\"><div class=\"uvc-heading-spacer no_spacer\" style=\"top\"><\/div><div class=\"uvc-main-heading ult-responsive\"  data-ultimate-target='.uvc-heading.ultimate-heading-519669e3675baa66a h2'  data-responsive-json-new='{\"font-size\":\"\",\"line-height\":\"\"}' ><h2 style=\"--font-weight:theme;\">Talleres autorizados<\/h2><\/div><\/div>[vc_column_text el_class=\u00bbtext-center pb-4&#8243;]El objetivo declarado es que la clientela pueda estar segura de contar con un\u00a0servicio de asistencia t\u00e9cnica de alta calidad, capaz de intervenir tempestivamente y resolver todo tipo de problem\u00e1ticas.<\/p>\n<p>Para ello\u00a0Oil&amp;Steel\u00a0pone a disposici\u00f3n una red capilar de Talleres Autorizados (SERVICE PARTNERS) presentes en todo el territorio nacional y en los distintos mercados de referencia, con personal adecuadamente capacitado y constantemente actualizado por los t\u00e9cnicos de la casa matriz.[\/vc_column_text]<style type=\"text\/css\" data-type=\"the7_shortcodes-inline-css\">#default-btn-7b67806191ad93a4470de010cac5168f.ico-right-side > i {\n  margin-right: 0px;\n  margin-left: 8px;\n}\n#default-btn-7b67806191ad93a4470de010cac5168f > i {\n  margin-right: 8px;\n}\n<\/style><div class=\"btn-align-center\"><a href=\"https:\/\/www.oilsteel.com\/es\/localizador-de-tiendas\/talleres-autorizados\/?noredirect=es-ES\" class=\"default-btn-shortcode dt-btn dt-btn-l link-hover-off m7x-btn \" id=\"default-btn-7b67806191ad93a4470de010cac5168f\" title=\"Officine autorizzate\"><span>DESCUBRE M\u00c1S<\/span><\/a><\/div>[\/vc_column][\/vc_row][vc_row el_class=\u00bbpy-5&#8243;][vc_column][vc_separator color=\u00bbcustom\u00bb border_width=\u00bb8&#8243; el_width=\u00bb70&#8243; el_class=\u00bbm7x-divider\u00bb][\/vc_column][\/vc_row][vc_row el_class=\u00bbpt-5&#8243;][vc_column css_animation=\u00bbnone\u00bb el_class=\u00bbpb-4 pb-md-0&#8243;]<div id=\"ultimate-heading-134169e3675bad27e\" class=\"uvc-heading ult-adjust-bottom-margin ultimate-heading-134169e3675bad27e uvc-6686 m7x-title-h2 pb-4 text-uppercase uvc-heading-default-font-sizes\" data-hspacer=\"no_spacer\"  data-halign=\"center\" style=\"text-align:center\"><div class=\"uvc-heading-spacer no_spacer\" style=\"top\"><\/div><div class=\"uvc-main-heading ult-responsive\"  data-ultimate-target='.uvc-heading.ultimate-heading-134169e3675bad27e h2'  data-responsive-json-new='{\"font-size\":\"\",\"line-height\":\"\"}' ><h2 style=\"--font-weight:theme;\">Recambios y accesorios<\/h2><\/div><\/div>[vc_column_text el_class=\u00bbtext-center pb-4&#8243;]El servicio postventa est\u00e1 avalado por un eficaz servicio de piezas de recambio.<\/p>\n<p>Suministramos un servicio completo y puntual, ofreciendo la posibilidad de pedir art\u00edculos no solo para los modelos en producci\u00f3n, sino tambi\u00e9n para los modelos que ya no se producen desde hace a\u00f1os.<\/p>\n<p>La eficiencia y el compromiso del personal permite\u00a0garantizar\u00a0\u00a0el\u00a090% de los recambios dentro de las 24 horas sucesivas a la recepci\u00f3n del pedido.[\/vc_column_text]<style type=\"text\/css\" data-type=\"the7_shortcodes-inline-css\">#default-btn-a6056261dcb68dd47931b1a27ff44667.ico-right-side > i {\n  margin-right: 0px;\n  margin-left: 8px;\n}\n#default-btn-a6056261dcb68dd47931b1a27ff44667 > i {\n  margin-right: 8px;\n}\n<\/style><div class=\"btn-align-center\"><a href=\"https:\/\/www.oilsteel.com\/es\/contactanos\/?subject=Solicitar+informaci\u00f3n+Repuestos+o+Accesorios&amp;office=Piezas+de+Repuesto\" class=\"default-btn-shortcode dt-btn dt-btn-l link-hover-off m7x-btn \" id=\"default-btn-a6056261dcb68dd47931b1a27ff44667\" title=\"Officine autorizzate\"><span>Cont\u00e1ctanos<\/span><\/a><\/div>[\/vc_column][\/vc_row][vc_row el_class=\u00bbpy-5&#8243;][vc_column][vc_separator color=\u00bbcustom\u00bb border_width=\u00bb8&#8243; el_width=\u00bb70&#8243; el_class=\u00bbm7x-divider\u00bb][\/vc_column][\/vc_row][vc_row el_class=\u00bbpy-5&#8243;][vc_column css_animation=\u00bbnone\u00bb el_class=\u00bbpb-4 pb-md-0&#8243;]<div id=\"ultimate-heading-535169e3675bad3b2\" class=\"uvc-heading ult-adjust-bottom-margin ultimate-heading-535169e3675bad3b2 uvc-2355 m7x-title-h2 pb-4 text-uppercase uvc-heading-default-font-sizes\" data-hspacer=\"no_spacer\"  data-halign=\"center\" style=\"text-align:center\"><div class=\"uvc-heading-spacer no_spacer\" style=\"top\"><\/div><div class=\"uvc-main-heading ult-responsive\"  data-ultimate-target='.uvc-heading.ultimate-heading-535169e3675bad3b2 h2'  data-responsive-json-new='{\"font-size\":\"\",\"line-height\":\"\"}' ><h2 style=\"--font-weight:theme;\">\u00a1Escr\u00edbenos y env\u00edanos tu opini\u00f3n!<\/h2><\/div><\/div>[vc_column_text el_class=\u00bbtext-center pb-4&#8243;]Para nosotros es importante conocer tu opini\u00f3n, en modo tal de poder mejorar constantemente nuestros servicios y nuestra gama de productos.[\/vc_column_text]<style type=\"text\/css\" data-type=\"the7_shortcodes-inline-css\">#default-btn-f85ce38f2b00e137f7b0451d57e040c5.ico-right-side > i {\n  margin-right: 0px;\n  margin-left: 8px;\n}\n#default-btn-f85ce38f2b00e137f7b0451d57e040c5 > i {\n  margin-right: 8px;\n}\n<\/style><div class=\"btn-align-center\"><a href=\"https:\/\/www.oilsteel.com\/es\/contactanos\/?subject=Feedback&amp;office=Asistencia+T\u00e9cnica\" class=\"default-btn-shortcode dt-btn dt-btn-l link-hover-off m7x-btn \" id=\"default-btn-f85ce38f2b00e137f7b0451d57e040c5\"><span>DEJANOS UN FEEDBACK<\/span><\/a><\/div>[\/vc_column][\/vc_row][vc_row equal_height=\u00bbyes\u00bb content_placement=\u00bbmiddle\u00bb bg_type=\u00bbimage\u00bb parallax_style=\u00bbvcpb-default\u00bb bg_image_new=\u00bbid^959|url^https:\/\/www.oilsteel.com\/wp-content\/uploads\/sites\/6\/2021\/02\/os_training-head.jpg|caption^null|alt^null|title^os_training-head|description^null\u00bb bg_image_repeat=\u00bbno-repeat\u00bb bg_img_attach=\u00bbfixed\u00bb bg_override=\u00bbex-full\u00bb el_class=\u00bbpy-5 my-5 m7x-row-gradient-180&#8243;][vc_column css_animation=\u00bbnone\u00bb el_class=\u00bbpb-4 pb-md-0&#8243;]<div id=\"ultimate-heading-627469e3675bad4b7\" class=\"uvc-heading ult-adjust-bottom-margin ultimate-heading-627469e3675bad4b7 uvc-5084 text-white m7x-mh-h1 pb-5 uvc-heading-default-font-sizes\" data-hspacer=\"no_spacer\"  data-halign=\"center\" style=\"text-align:center\"><div class=\"uvc-heading-spacer no_spacer\" style=\"top\"><\/div><div class=\"uvc-main-heading ult-responsive\"  data-ultimate-target='.uvc-heading.ultimate-heading-627469e3675bad4b7 h2'  data-responsive-json-new='{\"font-size\":\"\",\"line-height\":\"\"}' ><h2 style=\"--font-weight:theme;\">Formaci\u00f3n<\/h2><\/div><\/div><style type=\"text\/css\" data-type=\"the7_shortcodes-inline-css\">#default-btn-afc2f6175bf506c523507130e4433198.ico-right-side > i {\n  margin-right: 0px;\n  margin-left: 8px;\n}\n#default-btn-afc2f6175bf506c523507130e4433198 > i {\n  margin-right: 8px;\n}\n<\/style><div class=\"btn-align-center\"><a href=\"https:\/\/www.oilsteel.com\/es\/empresa\/formacion\/?noredirect=es-ES\" class=\"default-btn-shortcode dt-btn dt-btn-l link-hover-off m7x-btn text-white \" id=\"default-btn-afc2f6175bf506c523507130e4433198\" title=\"Formazione\"><span>DESCUBRE M\u00c1S<\/span><\/a><\/div>[\/vc_column][\/vc_row]<\/p>\n","protected":false},"excerpt":{"rendered":"<p>[vc_row][vc_column css_animation=\u00bbnone\u00bb el_class=\u00bbpb-4 pb-md-0&#8243;][vc_column_text el_class=\u00bbtext-center pb-4&#8243;]El objetivo declarado es que la clientela pueda estar segura de contar con un\u00a0servicio de asistencia t\u00e9cnica de alta calidad, capaz de intervenir tempestivamente y resolver todo tipo de problem\u00e1ticas. Para ello\u00a0Oil&amp;Steel\u00a0pone a disposici\u00f3n una red capilar de Talleres Autorizados (SERVICE PARTNERS) presentes en todo el territorio nacional y en&hellip;<\/p>\n","protected":false},"author":1,"featured_media":1156,"parent":0,"menu_order":0,"comment_status":"closed","ping_status":"closed","template":"","meta":[],"acf":[],"_links":{"self":[{"href":"https:\/\/www.oilsteel.com\/es\/wp-json\/wp\/v2\/pages\/868"}],"collection":[{"href":"https:\/\/www.oilsteel.com\/es\/wp-json\/wp\/v2\/pages"}],"about":[{"href":"https:\/\/www.oilsteel.com\/es\/wp-json\/wp\/v2\/types\/page"}],"author":[{"embeddable":true,"href":"https:\/\/www.oilsteel.com\/es\/wp-json\/wp\/v2\/users\/1"}],"replies":[{"embeddable":true,"href":"https:\/\/www.oilsteel.com\/es\/wp-json\/wp\/v2\/comments?post=868"}],"version-history":[{"count":5,"href":"https:\/\/www.oilsteel.com\/es\/wp-json\/wp\/v2\/pages\/868\/revisions"}],"predecessor-version":[{"id":2129,"href":"https:\/\/www.oilsteel.com\/es\/wp-json\/wp\/v2\/pages\/868\/revisions\/2129"}],"wp:featuredmedia":[{"embeddable":true,"href":"https:\/\/www.oilsteel.com\/es\/wp-json\/wp\/v2\/media\/1156"}],"wp:attachment":[{"href":"https:\/\/www.oilsteel.com\/es\/wp-json\/wp\/v2\/media?parent=868"}],"curies":[{"name":"wp","href":"https:\/\/api.w.org\/{rel}","templated":true}]}}