{"id":954,"date":"2021-02-12T12:52:10","date_gmt":"2021-02-12T12:52:10","guid":{"rendered":"https:\/\/www.oilsteel.com\/?page_id=954"},"modified":"2021-07-28T11:35:47","modified_gmt":"2021-07-28T11:35:47","slug":"formacion","status":"publish","type":"page","link":"https:\/\/www.oilsteel.com\/es\/empresa\/formacion\/","title":{"rendered":"Formaci\u00f3n"},"content":{"rendered":"<p>[vc_row][vc_column css_animation=\u00bbnone\u00bb el_class=\u00bbpb-4 pb-md-0&#8243;]<div id=\"ultimate-heading-87066a034474ac8a7\" class=\"uvc-heading ult-adjust-bottom-margin ultimate-heading-87066a034474ac8a7 uvc-6572 m7x-title-h2 pb-4 text-uppercase uvc-heading-default-font-sizes\" data-hspacer=\"no_spacer\"  data-halign=\"center\" style=\"text-align:center\"><div class=\"uvc-heading-spacer no_spacer\" style=\"top\"><\/div><div class=\"uvc-main-heading ult-responsive\"  data-ultimate-target='.uvc-heading.ultimate-heading-87066a034474ac8a7 h2'  data-responsive-json-new='{\"font-size\":\"\",\"line-height\":\"\"}' ><h2 style=\"--font-weight:theme;\">Formaci\u00f3n<\/h2><\/div><\/div>[vc_column_text el_class=\u00bbtext-center\u00bb]Oil&amp;Steel\u00a0cree e invierte en la formaci\u00f3n para la seguridad en el trabajo.\u00a0Nuestros t\u00e9cnicos especializados ofrecen cursos para mantener actualizada nuestra red de talleres.<\/p>\n<p>Oil&amp;Steel\u00a0organiza adem\u00e1s peri\u00f3dicamente cursos t\u00e9cnicos para los profesionales que trabajan en los centros de servicio.\u00a0Los cursos, a cargo de t\u00e9cnicos especializados\u00a0Oil&amp;Steel, sirven para que la red de talleres est\u00e9 siempre preparada para efectuar cualquier tipo de intervenci\u00f3n t\u00e9cnica en las plataformas elevadoras.<\/p>\n<p>Oil&amp;Steel\u00a0alberga la convicci\u00f3n que una formaci\u00f3n adecuada es una oportunidad irrenunciable para mejorar no solo la seguridad y la profesionalidad del personal, sino tambi\u00e9n la rentabilidad del trabajo en altura y las condiciones de funcionamiento de la m\u00e1quina.[\/vc_column_text][\/vc_column][\/vc_row][vc_row el_class=\u00bbpy-5&#8243;][vc_column][vc_separator color=\u00bbcustom\u00bb border_width=\u00bb8&#8243; el_width=\u00bb70&#8243; el_class=\u00bbm7x-divider\u00bb][\/vc_column][\/vc_row][vc_row el_class=\u00bbpt-5&#8243;][vc_column css_animation=\u00bbnone\u00bb el_class=\u00bbpb-4 pb-md-0&#8243;]<div id=\"ultimate-heading-81156a034474ac8e2\" class=\"uvc-heading ult-adjust-bottom-margin ultimate-heading-81156a034474ac8e2 uvc-7962 m7x-title-h2 pb-4 text-uppercase uvc-heading-default-font-sizes\" data-hspacer=\"no_spacer\"  data-halign=\"center\" style=\"text-align:center\"><div class=\"uvc-heading-spacer no_spacer\" style=\"top\"><\/div><div class=\"uvc-main-heading ult-responsive\"  data-ultimate-target='.uvc-heading.ultimate-heading-81156a034474ac8e2 h2'  data-responsive-json-new='{\"font-size\":\"\",\"line-height\":\"\"}' ><h2 style=\"--font-weight:theme;\">Cursos IPAF<\/h2><\/div><\/div><div class=\"ult-just-icon-wrapper mb-4 \"><div class=\"align-icon\" style=\"text-align:center;\">\n<div class=\"aio-icon-img  uavc-circle \" style=\"font-size:125px;background:#00164c;display:inline-block;\" >\n\t<img class=\"img-icon\" alt=\"null\" src=\"https:\/\/www.oilsteel.com\/es\/wp-content\/uploads\/sites\/6\/2021\/02\/os_logo_ipaf.png\"\/>\n<\/div><\/div><\/div>[vc_column_text el_class=\u00bbtext-center\u00bb]Oil&amp;Steel\u00a0es un centro autorizado para organizar y llevar a cabo Cursos IPAF para el uso de plataformas elevadoras, otorgando tambi\u00e9n, en caso de evaluaci\u00f3n positiva, la habilitaci\u00f3n internacional para operadores de Plataformas de Trabajo Elevadas (MEWP).<\/p>\n<p>De acuerdo a los c\u00e1nones IPAF, son dos las figuras claves para el uso seguro de estas m\u00e1quinas: el operador y el instructor.<\/p>\n<p>Para cada una de estas figuras,\u00a0Oil&amp;Steel\u00a0propone cursos espec\u00edficos, tambi\u00e9n en la sede de los clientes.[\/vc_column_text][\/vc_column][\/vc_row][vc_row el_class=\u00bbpy-5&#8243;][vc_column][vc_separator color=\u00bbcustom\u00bb border_width=\u00bb8&#8243; el_width=\u00bb70&#8243; el_class=\u00bbm7x-divider\u00bb][\/vc_column][\/vc_row][vc_row el_class=\u00bbpt-5&#8243;][vc_column css_animation=\u00bbnone\u00bb el_class=\u00bbpb-4 pb-md-0&#8243;]<div id=\"ultimate-heading-96906a034474accbb\" class=\"uvc-heading ult-adjust-bottom-margin ultimate-heading-96906a034474accbb uvc-4814 m7x-title-h2 pb-4 text-uppercase uvc-heading-default-font-sizes\" data-hspacer=\"no_spacer\"  data-halign=\"center\" style=\"text-align:center\"><div class=\"uvc-heading-spacer no_spacer\" style=\"top\"><\/div><div class=\"uvc-main-heading ult-responsive\"  data-ultimate-target='.uvc-heading.ultimate-heading-96906a034474accbb h2'  data-responsive-json-new='{\"font-size\":\"\",\"line-height\":\"\"}' ><h2 style=\"--font-weight:theme;\">Cursos para talleres autorizados<\/h2><\/div><\/div>[vc_column_text el_class=\u00bbtext-center\u00bb]La red de servicio autorizada\u00a0Oil&amp;Steel\u00a0y el servicio t\u00e9cnico de los grandes clientes participan peri\u00f3dicamente de los cursos de actualizaci\u00f3n t\u00e9cnica, \u00fatiles para mantener siempre preparados los centros de servicio para llevar a cabo cualquier tipo de intervenci\u00f3n t\u00e9cnica en las plataformas.<\/p>\n<p>Los cursos son impartidos por t\u00e9cnicos especializados\u00a0Oil&amp;Steel, que desde hace a\u00f1os sigue los proyectos de formaci\u00f3n.[\/vc_column_text][\/vc_column][\/vc_row][vc_row bg_type=\u00bbimage\u00bb parallax_style=\u00bbvcpb-default\u00bb bg_image_new=\u00bbid^958|url^https:\/\/www.oilsteel.com\/wp-content\/uploads\/sites\/6\/2021\/02\/os_training-bg_courses.jpg|caption^null|alt^null|title^os_training-bg_courses|description^null\u00bb bg_image_repeat=\u00bbno-repeat\u00bb bg_img_attach=\u00bbfixed\u00bb bg_override=\u00bbex-full\u00bb el_class=\u00bbpy-5 my-5 m7x-row-gradient-180&#8243;][vc_column css_animation=\u00bbnone\u00bb el_class=\u00bbpb-4 pb-md-0&#8243;][\/vc_column][\/vc_row][vc_row][vc_column css_animation=\u00bbnone\u00bb el_class=\u00bbpb-4 pb-md-0&#8243;]<style type=\"text\/css\" data-type=\"the7_shortcodes-inline-css\">#default-btn-23551b07fa2923c4babdf0e50b86ce33.ico-right-side > i {\n  margin-right: 0px;\n  margin-left: 8px;\n}\n#default-btn-23551b07fa2923c4babdf0e50b86ce33 > i {\n  margin-right: 8px;\n}\n<\/style><div class=\"btn-align-center\"><a href=\"https:\/\/www.oilsteel.com\/es\/contactanos\/?subject=Solicitud%20de%20informaci\u00f3n%20de%20formaci\u00f3n&amp;office=Academy\" class=\"default-btn-shortcode dt-btn dt-btn-l link-hover-off m7x-btn \" id=\"default-btn-23551b07fa2923c4babdf0e50b86ce33\"><span>ESCR\u00cdBENOS PARA APUNTARTE A NUESTROS CURSOS<\/span><\/a><\/div>[\/vc_column][\/vc_row]<\/p>\n","protected":false},"excerpt":{"rendered":"<p>[vc_row][vc_column css_animation=\u00bbnone\u00bb el_class=\u00bbpb-4 pb-md-0&#8243;][vc_column_text el_class=\u00bbtext-center\u00bb]Oil&amp;Steel\u00a0cree e invierte en la formaci\u00f3n para la seguridad en el trabajo.\u00a0Nuestros t\u00e9cnicos especializados ofrecen cursos para mantener actualizada nuestra red de talleres. Oil&amp;Steel\u00a0organiza adem\u00e1s peri\u00f3dicamente cursos t\u00e9cnicos para los profesionales que trabajan en los centros de servicio.\u00a0Los cursos, a cargo de t\u00e9cnicos especializados\u00a0Oil&amp;Steel, sirven para que la red de talleres&hellip;<\/p>\n","protected":false},"author":1,"featured_media":959,"parent":862,"menu_order":0,"comment_status":"closed","ping_status":"closed","template":"","meta":[],"acf":[],"_links":{"self":[{"href":"https:\/\/www.oilsteel.com\/es\/wp-json\/wp\/v2\/pages\/954"}],"collection":[{"href":"https:\/\/www.oilsteel.com\/es\/wp-json\/wp\/v2\/pages"}],"about":[{"href":"https:\/\/www.oilsteel.com\/es\/wp-json\/wp\/v2\/types\/page"}],"author":[{"embeddable":true,"href":"https:\/\/www.oilsteel.com\/es\/wp-json\/wp\/v2\/users\/1"}],"replies":[{"embeddable":true,"href":"https:\/\/www.oilsteel.com\/es\/wp-json\/wp\/v2\/comments?post=954"}],"version-history":[{"count":5,"href":"https:\/\/www.oilsteel.com\/es\/wp-json\/wp\/v2\/pages\/954\/revisions"}],"predecessor-version":[{"id":3961,"href":"https:\/\/www.oilsteel.com\/es\/wp-json\/wp\/v2\/pages\/954\/revisions\/3961"}],"up":[{"embeddable":true,"href":"https:\/\/www.oilsteel.com\/es\/wp-json\/wp\/v2\/pages\/862"}],"wp:featuredmedia":[{"embeddable":true,"href":"https:\/\/www.oilsteel.com\/es\/wp-json\/wp\/v2\/media\/959"}],"wp:attachment":[{"href":"https:\/\/www.oilsteel.com\/es\/wp-json\/wp\/v2\/media?parent=954"}],"curies":[{"name":"wp","href":"https:\/\/api.w.org\/{rel}","templated":true}]}}