{"id":864,"date":"2021-02-11T16:29:43","date_gmt":"2021-02-11T16:29:43","guid":{"rendered":"https:\/\/www.oilsteel.com\/?page_id=864"},"modified":"2021-03-25T14:58:54","modified_gmt":"2021-03-25T14:58:54","slug":"notre-histoire","status":"publish","type":"page","link":"https:\/\/www.oilsteel.com\/fr\/entreprise\/notre-histoire\/","title":{"rendered":"Notre histoire"},"content":{"rendered":"<p>[vc_row equal_height=\u00a0\u00bbyes\u00a0\u00bb content_placement=\u00a0\u00bbmiddle\u00a0\u00bb el_class=\u00a0\u00bbpy-5&Prime;][vc_column css_animation=\u00a0\u00bbnone\u00a0\u00bb width=\u00a0\u00bb1\/2&Prime; el_class=\u00a0\u00bbvc_col-sm-push-6 pb-4 pb-md-0&Prime;]<div id=\"ultimate-heading-238469f50079bdb29\" class=\"uvc-heading ult-adjust-bottom-margin ultimate-heading-238469f50079bdb29 uvc-9347 mtx-title-h2 text-center-xs pb-4 uvc-heading-default-font-sizes\" data-hspacer=\"no_spacer\"  data-halign=\"left\" style=\"text-align:left\"><div class=\"uvc-heading-spacer no_spacer\" style=\"top\"><\/div><div class=\"uvc-main-heading ult-responsive\"  data-ultimate-target='.uvc-heading.ultimate-heading-238469f50079bdb29 h2'  data-responsive-json-new='{\"font-size\":\"\",\"line-height\":\"\"}' ><h2 style=\"--font-weight:theme;\">1995<\/h2><\/div><\/div>[vc_column_text el_class=\u00a0\u00bbtext-center-xs\u00a0\u00bb]D\u00e8s sa fondation en 1995,\u00a0Oil&amp;Steel\u00a0S.p.A. a fait preuve de comp\u00e9tences en mati\u00e8re de qualit\u00e9 et d\u2019innovation qui lui ont permis d\u2019atteindre en quelques ann\u00e9es les plus hauts niveaux du secteur sur le march\u00e9 italien, mais surtout europ\u00e9en.[\/vc_column_text][\/vc_column][vc_column width=\u00a0\u00bb1\/2&Prime; el_class=\u00a0\u00bbvc_col-sm-pull-6&Prime;][vc_single_image image=\u00a0\u00bb935&Prime; img_size=\u00a0\u00bb350&#215;350&Prime; alignment=\u00a0\u00bbcenter\u00a0\u00bb style=\u00a0\u00bbvc_box_circle_2&Prime; onclick=\u00a0\u00bblink_image\u00a0\u00bb el_class=\u00a0\u00bbm7x-img rounded-5 text-center-xs\u00a0\u00bb][\/vc_column][\/vc_row][vc_row equal_height=\u00a0\u00bbyes\u00a0\u00bb content_placement=\u00a0\u00bbmiddle\u00a0\u00bb bg_type=\u00a0\u00bbbg_color\u00a0\u00bb bg_override=\u00a0\u00bbex-full\u00a0\u00bb el_class=\u00a0\u00bbpy-5 my-5&Prime; bg_color_value=\u00a0\u00bb#f4f6fb\u00a0\u00bb][vc_column css_animation=\u00a0\u00bbnone\u00a0\u00bb width=\u00a0\u00bb1\/2&Prime; el_class=\u00a0\u00bbpb-4 pb-md-0&Prime;]<div id=\"ultimate-heading-326369f50079bdb62\" class=\"uvc-heading ult-adjust-bottom-margin ultimate-heading-326369f50079bdb62 uvc-5083 m7x-title-h2 text-center-xs pb-4 uvc-heading-default-font-sizes\" data-hspacer=\"no_spacer\"  data-halign=\"left\" style=\"text-align:left\"><div class=\"uvc-heading-spacer no_spacer\" style=\"top\"><\/div><div class=\"uvc-main-heading ult-responsive\"  data-ultimate-target='.uvc-heading.ultimate-heading-326369f50079bdb62 h2'  data-responsive-json-new='{\"font-size\":\"\",\"line-height\":\"\"}' ><h2 style=\"--font-weight:theme;\">1996<\/h2><\/div><\/div>[vc_column_text el_class=\u00a0\u00bbtext-center-xs\u00a0\u00bb]En 1996 l\u2019entreprise, tr\u00e8s attentive \u00e0 l\u2019\u00e9volution du march\u00e9, fut la premi\u00e8re \u00e0 lancer une gamme de nacelles sur chenilles \u00e9quip\u00e9es de stabilisateurs \u00e0 descente hydraulique appel\u00e9e\u202fOctopus.\u202fGr\u00e2ce \u00e0 son extr\u00eame compacit\u00e9 et polyvalence, ce mat\u00e9riel est devenu un v\u00e9ritable best-seller, qui reste aujourd\u2019hui encore le fleuron de la gamme de produits\u202fOil&amp;Steel.[\/vc_column_text][\/vc_column][vc_column css_animation=\u00a0\u00bbnone\u00a0\u00bb width=\u00a0\u00bb1\/2&Prime;][vc_single_image image=\u00a0\u00bb925&Prime; img_size=\u00a0\u00bb350&#215;350&Prime; alignment=\u00a0\u00bbcenter\u00a0\u00bb style=\u00a0\u00bbvc_box_circle_2&Prime; onclick=\u00a0\u00bblink_image\u00a0\u00bb el_class=\u00a0\u00bbm7x-img rounded-5 text-center-xs\u00a0\u00bb][\/vc_column][\/vc_row][vc_row equal_height=\u00a0\u00bbyes\u00a0\u00bb content_placement=\u00a0\u00bbmiddle\u00a0\u00bb el_class=\u00a0\u00bbpy-5&Prime;][vc_column css_animation=\u00a0\u00bbnone\u00a0\u00bb width=\u00a0\u00bb1\/2&Prime; el_class=\u00a0\u00bbvc_col-sm-push-6 pb-4 pb-md-0&Prime;]<div id=\"ultimate-heading-141469f50079bdb82\" class=\"uvc-heading ult-adjust-bottom-margin ultimate-heading-141469f50079bdb82 uvc-7614 mtx-title-h2 text-center-xs pb-4 uvc-heading-default-font-sizes\" data-hspacer=\"no_spacer\"  data-halign=\"left\" style=\"text-align:left\"><div class=\"uvc-heading-spacer no_spacer\" style=\"top\"><\/div><div class=\"uvc-main-heading ult-responsive\"  data-ultimate-target='.uvc-heading.ultimate-heading-141469f50079bdb82 h2'  data-responsive-json-new='{\"font-size\":\"\",\"line-height\":\"\"}' ><h2 style=\"--font-weight:theme;\">2003<\/h2><\/div><\/div>[vc_column_text el_class=\u00a0\u00bbtext-center-xs\u00a0\u00bb]Au milieu de l&rsquo;ann\u00e9e 2003, l&rsquo;entreprise est achet\u00e9e par l\u2019ancienne soci\u00e9t\u00e9\u00a0Autogru\u00a0PM\u00a0S.p.A., qui est devenue plus tard PM Group\u00a0S.p.A.\u00a0L&rsquo;objectif de l&rsquo;op\u00e9ration \u00e9tait de cr\u00e9er le premier groupe italien dans le secteur du levage de mat\u00e9riels et de personnes.[\/vc_column_text][\/vc_column][vc_column width=\u00a0\u00bb1\/2&Prime; el_class=\u00a0\u00bbvc_col-sm-pull-6&Prime;][vc_single_image image=\u00a0\u00bb929&Prime; img_size=\u00a0\u00bbfull\u00a0\u00bb alignment=\u00a0\u00bbcenter\u00a0\u00bb image_hovers=\u00a0\u00bbfalse\u00a0\u00bb el_class=\u00a0\u00bbm7x-img rounded-5 text-center-xs\u00a0\u00bb][\/vc_column][\/vc_row][vc_row equal_height=\u00a0\u00bbyes\u00a0\u00bb content_placement=\u00a0\u00bbmiddle\u00a0\u00bb bg_type=\u00a0\u00bbbg_color\u00a0\u00bb bg_override=\u00a0\u00bbex-full\u00a0\u00bb el_class=\u00a0\u00bbpy-5 my-5&Prime; bg_color_value=\u00a0\u00bb#f4f6fb\u00a0\u00bb][vc_column css_animation=\u00a0\u00bbnone\u00a0\u00bb width=\u00a0\u00bb1\/2&Prime; el_class=\u00a0\u00bbpb-4 pb-md-0&Prime;]<div id=\"ultimate-heading-374169f50079bdb9e\" class=\"uvc-heading ult-adjust-bottom-margin ultimate-heading-374169f50079bdb9e uvc-4180 m7x-title-h2 text-center-xs pb-4 uvc-heading-default-font-sizes\" data-hspacer=\"no_spacer\"  data-halign=\"left\" style=\"text-align:left\"><div class=\"uvc-heading-spacer no_spacer\" style=\"top\"><\/div><div class=\"uvc-main-heading ult-responsive\"  data-ultimate-target='.uvc-heading.ultimate-heading-374169f50079bdb9e h2'  data-responsive-json-new='{\"font-size\":\"\",\"line-height\":\"\"}' ><h2 style=\"--font-weight:theme;\">2015<\/h2><\/div><\/div>[vc_column_text el_class=\u00a0\u00bbtext-center-xs\u00a0\u00bb]Manitex\u00a0International Inc. Acquiert la marque\u00a0Oil&amp;Steel.[\/vc_column_text][\/vc_column][vc_column css_animation=\u00a0\u00bbnone\u00a0\u00bb width=\u00a0\u00bb1\/2&Prime;][vc_single_image image=\u00a0\u00bb1177&Prime; img_size=\u00a0\u00bb350&#215;350&Prime; alignment=\u00a0\u00bbcenter\u00a0\u00bb style=\u00a0\u00bbvc_box_circle_2&Prime; onclick=\u00a0\u00bblink_image\u00a0\u00bb el_class=\u00a0\u00bbm7x-img rounded-5 text-center-xs\u00a0\u00bb][\/vc_column][\/vc_row][vc_row equal_height=\u00a0\u00bbyes\u00a0\u00bb content_placement=\u00a0\u00bbmiddle\u00a0\u00bb el_class=\u00a0\u00bbpy-5&Prime;][vc_column css_animation=\u00a0\u00bbnone\u00a0\u00bb width=\u00a0\u00bb1\/2&Prime; el_class=\u00a0\u00bbvc_col-sm-push-6 pb-4 pb-md-0&Prime;]<div id=\"ultimate-heading-923569f50079bdbb8\" class=\"uvc-heading ult-adjust-bottom-margin ultimate-heading-923569f50079bdbb8 uvc-8842 mtx-title-h2 text-center-xs pb-4 uvc-heading-default-font-sizes\" data-hspacer=\"no_spacer\"  data-halign=\"left\" style=\"text-align:left\"><div class=\"uvc-heading-spacer no_spacer\" style=\"top\"><\/div><div class=\"uvc-main-heading ult-responsive\"  data-ultimate-target='.uvc-heading.ultimate-heading-923569f50079bdbb8 h2'  data-responsive-json-new='{\"font-size\":\"\",\"line-height\":\"\"}' ><h2 style=\"--font-weight:theme;\">2018<\/h2><\/div><\/div>[vc_column_text el_class=\u00a0\u00bbtext-center-xs\u00a0\u00bb]L\u2019entreprise d\u00e9cide de fusionner les deux soci\u00e9t\u00e9s PM Group Spa et\u00a0Oil&amp;Steel\u00a0Spa sous l\u2019actuelle PM\u00a0Oil&amp;Steel\u00a0Spa.[\/vc_column_text][\/vc_column][vc_column width=\u00a0\u00bb1\/2&Prime; el_class=\u00a0\u00bbvc_col-sm-pull-6&Prime;][vc_single_image image=\u00a0\u00bb1173&Prime; img_size=\u00a0\u00bbfull\u00a0\u00bb alignment=\u00a0\u00bbcenter\u00a0\u00bb image_hovers=\u00a0\u00bbfalse\u00a0\u00bb el_class=\u00a0\u00bbm7x-img rounded-5 text-center-xs\u00a0\u00bb][\/vc_column][\/vc_row][vc_row equal_height=\u00a0\u00bbyes\u00a0\u00bb content_placement=\u00a0\u00bbmiddle\u00a0\u00bb bg_type=\u00a0\u00bbbg_color\u00a0\u00bb bg_override=\u00a0\u00bbex-full\u00a0\u00bb el_class=\u00a0\u00bbpy-5 mt-5&Prime; bg_color_value=\u00a0\u00bb#f4f6fb\u00a0\u00bb][vc_column css_animation=\u00a0\u00bbnone\u00a0\u00bb width=\u00a0\u00bb1\/2&Prime; el_class=\u00a0\u00bbpb-4 pb-md-0&Prime;]<div id=\"ultimate-heading-816069f50079bdbd0\" class=\"uvc-heading ult-adjust-bottom-margin ultimate-heading-816069f50079bdbd0 uvc-4283 m7x-title-h2 text-center-xs pb-4 uvc-heading-default-font-sizes\" data-hspacer=\"no_spacer\"  data-halign=\"left\" style=\"text-align:left\"><div class=\"uvc-heading-spacer no_spacer\" style=\"top\"><\/div><div class=\"uvc-main-heading ult-responsive\"  data-ultimate-target='.uvc-heading.ultimate-heading-816069f50079bdbd0 h2'  data-responsive-json-new='{\"font-size\":\"\",\"line-height\":\"\"}' ><h2 style=\"--font-weight:theme;\">2020<\/h2><\/div><\/div>[vc_column_text el_class=\u00a0\u00bbtext-center-xs\u00a0\u00bb]Aujourd&rsquo;hui,\u00a0Oil&amp;Steel\u00a0S.p.A. est une soci\u00e9t\u00e9 dynamique, leader au niveau europ\u00e9en dans son secteur et qui fait partie de\u00a0Manitex\u00a0International, l&rsquo;un des premiers groupes au niveau mondial dans le secteur du travail en hauteur.[\/vc_column_text][\/vc_column][vc_column css_animation=\u00a0\u00bbnone\u00a0\u00bb width=\u00a0\u00bb1\/2&Prime;][vc_single_image image=\u00a0\u00bb940&Prime; img_size=\u00a0\u00bb350&#215;350&Prime; alignment=\u00a0\u00bbcenter\u00a0\u00bb style=\u00a0\u00bbvc_box_circle_2&Prime; onclick=\u00a0\u00bblink_image\u00a0\u00bb el_class=\u00a0\u00bbm7x-img rounded-5 text-center-xs\u00a0\u00bb][\/vc_column][\/vc_row]<\/p>\n","protected":false},"excerpt":{"rendered":"<p>[vc_row equal_height=\u00a0\u00bbyes\u00a0\u00bb content_placement=\u00a0\u00bbmiddle\u00a0\u00bb el_class=\u00a0\u00bbpy-5&Prime;][vc_column css_animation=\u00a0\u00bbnone\u00a0\u00bb width=\u00a0\u00bb1\/2&Prime; el_class=\u00a0\u00bbvc_col-sm-push-6 pb-4 pb-md-0&Prime;][vc_column_text el_class=\u00a0\u00bbtext-center-xs\u00a0\u00bb]D\u00e8s sa fondation en 1995,\u00a0Oil&amp;Steel\u00a0S.p.A. a fait preuve de comp\u00e9tences en mati\u00e8re de qualit\u00e9 et d\u2019innovation qui lui ont permis d\u2019atteindre en quelques ann\u00e9es les plus hauts niveaux du secteur sur le march\u00e9 italien, mais surtout europ\u00e9en.[\/vc_column_text][\/vc_column][vc_column width=\u00a0\u00bb1\/2&Prime; el_class=\u00a0\u00bbvc_col-sm-pull-6&Prime;][vc_single_image image=\u00a0\u00bb935&Prime; img_size=\u00a0\u00bb350&#215;350&Prime; alignment=\u00a0\u00bbcenter\u00a0\u00bb style=\u00a0\u00bbvc_box_circle_2&Prime; onclick=\u00a0\u00bblink_image\u00a0\u00bb el_class=\u00a0\u00bbm7x-img rounded-5&hellip;<\/p>\n","protected":false},"author":1,"featured_media":925,"parent":862,"menu_order":0,"comment_status":"closed","ping_status":"closed","template":"","meta":[],"acf":[],"_links":{"self":[{"href":"https:\/\/www.oilsteel.com\/fr\/wp-json\/wp\/v2\/pages\/864"}],"collection":[{"href":"https:\/\/www.oilsteel.com\/fr\/wp-json\/wp\/v2\/pages"}],"about":[{"href":"https:\/\/www.oilsteel.com\/fr\/wp-json\/wp\/v2\/types\/page"}],"author":[{"embeddable":true,"href":"https:\/\/www.oilsteel.com\/fr\/wp-json\/wp\/v2\/users\/1"}],"replies":[{"embeddable":true,"href":"https:\/\/www.oilsteel.com\/fr\/wp-json\/wp\/v2\/comments?post=864"}],"version-history":[{"count":5,"href":"https:\/\/www.oilsteel.com\/fr\/wp-json\/wp\/v2\/pages\/864\/revisions"}],"predecessor-version":[{"id":1614,"href":"https:\/\/www.oilsteel.com\/fr\/wp-json\/wp\/v2\/pages\/864\/revisions\/1614"}],"up":[{"embeddable":true,"href":"https:\/\/www.oilsteel.com\/fr\/wp-json\/wp\/v2\/pages\/862"}],"wp:featuredmedia":[{"embeddable":true,"href":"https:\/\/www.oilsteel.com\/fr\/wp-json\/wp\/v2\/media\/925"}],"wp:attachment":[{"href":"https:\/\/www.oilsteel.com\/fr\/wp-json\/wp\/v2\/media?parent=864"}],"curies":[{"name":"wp","href":"https:\/\/api.w.org\/{rel}","templated":true}]}}