{"id":865,"date":"2021-02-11T16:29:48","date_gmt":"2021-02-11T16:29:48","guid":{"rendered":"https:\/\/www.oilsteel.com\/?page_id=865"},"modified":"2025-12-02T17:15:25","modified_gmt":"2025-12-02T16:15:25","slug":"etablissements-et-filiales","status":"publish","type":"page","link":"https:\/\/www.oilsteel.com\/fr\/entreprise\/etablissements-et-filiales\/","title":{"rendered":"\u00c9tablissements et filiales"},"content":{"rendered":"<p>[vc_row equal_height=\u00a0\u00bbyes\u00a0\u00bb content_placement=\u00a0\u00bbmiddle\u00a0\u00bb el_class=\u00a0\u00bbpb-5&Prime;][vc_column css_animation=\u00a0\u00bbnone\u00a0\u00bb width=\u00a0\u00bb1\/2&Prime; el_class=\u00a0\u00bbpb-4 pb-md-0&Prime; offset=\u00a0\u00bbvc_col-md-offset-2 vc_col-md-4&Prime;]<div id=\"ultimate-heading-932369e25d8c822f5\" class=\"uvc-heading ult-adjust-bottom-margin ultimate-heading-932369e25d8c822f5 uvc-2692 m7x-title-h2 pb-4 uvc-heading-default-font-sizes\" data-hspacer=\"no_spacer\"  data-halign=\"center\" style=\"text-align:center\"><div class=\"uvc-heading-spacer no_spacer\" style=\"top\"><\/div><div class=\"uvc-main-heading ult-responsive\"  data-ultimate-target='.uvc-heading.ultimate-heading-932369e25d8c822f5 h2'  data-responsive-json-new='{\"font-size\":\"\",\"line-height\":\"\"}' ><h2 style=\"--font-weight:theme;\">Si\u00e8ge et production\u202f: San Cesario Sul Panaro - Mod\u00e8ne - Italie<\/h2><\/div><\/div>[vc_column_text el_class=\u00a0\u00bbtext-center\u00a0\u00bb]Oil&amp;Steel\u00a0a son quartier g\u00e9n\u00e9ral \u00e0 San\u00a0Cesario\u00a0Sul\u00a0Panaro\u00a0(Mod\u00e8ne &#8211; Italie).<br \/>\nLe choix a \u00e9t\u00e9 fait suite \u00e0 la construction d&rsquo;une structure moderne qui contient maintenant les bureaux de direction et tous les d\u00e9partements de l&rsquo;entreprise\u202f: ventes, marketing, conception technique, R&amp;D, administration, assistance technique, pi\u00e8ces d\u00e9tach\u00e9es et ressources humaines.<\/p>\n<p><strong>PM\u00a0Oil&amp;Steel\u00a0S.p.A.<\/strong><br \/>\nVia G. Verdi 22<br \/>\n41018 San\u00a0Cesario\u00a0sul\u00a0Panaro\u00a0(Mod\u00e8ne)<br \/>\nItalie<br \/>\nT\u00e9l.:\u00a0+39 059 936811 &#8211;\u00a0Fax:\u00a0+39 059 936800[\/vc_column_text][\/vc_column][vc_column css_animation=\u00a0\u00bbnone\u00a0\u00bb width=\u00a0\u00bb1\/2&Prime; offset=\u00a0\u00bbvc_col-md-offset-2 vc_col-md-4&Prime;][vc_single_image image=\u00a0\u00bb1601&Prime; img_size=\u00a0\u00bblarge\u00a0\u00bb alignment=\u00a0\u00bbcenter\u00a0\u00bb onclick=\u00a0\u00bblink_image\u00a0\u00bb css_animation=\u00a0\u00bbnone\u00a0\u00bb el_class=\u00a0\u00bbmtx-img text-center-xs\u00a0\u00bb][\/vc_column][\/vc_row][vc_row el_class=\u00a0\u00bbpy-5&Prime;][vc_column][vc_separator color=\u00a0\u00bbcustom\u00a0\u00bb border_width=\u00a0\u00bb8&Prime; el_width=\u00a0\u00bb70&Prime; el_class=\u00a0\u00bbm7x-accent\u00a0\u00bb][\/vc_column][\/vc_row][vc_row el_class=\u00a0\u00bbpy-5&Prime;][vc_column][vc_row_inner][vc_column_inner]<div id=\"ultimate-heading-140869e25d8c82332\" class=\"uvc-heading ult-adjust-bottom-margin ultimate-heading-140869e25d8c82332 uvc-5203 m7x-title-h2 pb-5 uvc-heading-default-font-sizes\" data-hspacer=\"no_spacer\"  data-halign=\"center\" style=\"text-align:center\"><div class=\"uvc-heading-spacer no_spacer\" style=\"top\"><\/div><div class=\"uvc-main-heading ult-responsive\"  data-ultimate-target='.uvc-heading.ultimate-heading-140869e25d8c82332 h2'  data-responsive-json-new='{\"font-size\":\"\",\"line-height\":\"\"}' ><h2 style=\"--font-weight:theme;\">Filiales Commerciales<\/h2><\/div><\/div>[\/vc_column_inner][\/vc_row_inner][vc_row_inner equal_height=\u00a0\u00bbyes\u00a0\u00bb el_class=\u00a0\u00bbpb-5&Prime;][vc_column_inner el_class=\u00a0\u00bbpb-5&Prime; width=\u00a0\u00bb1\/3&Prime;]<div class=\"aio-icon-component   m7x-info-box style_1\"><div id=\"Info-box-wrap-5185\" class=\"aio-icon-box top-icon\" style=\"\"  ><div class=\"aio-icon-top\"><div class=\"ult-just-icon-wrapper  \"><div class=\"align-icon\" style=\"text-align:center;\">\n<div class=\"aio-icon-img \" style=\"font-size:206px;display:inline-block;\" >\n\t<img class=\"img-icon\" alt=\"null\" src=\"https:\/\/www.oilsteel.com\/fr\/wp-content\/uploads\/sites\/4\/2023\/02\/ManitexInternational_ApplicationEveryBrands.png\"\/>\n<\/div><\/div><\/div><\/div><div class=\"aio-icon-header\" ><h3 class=\"aio-icon-title ult-responsive\"  data-ultimate-target='#Info-box-wrap-5185 .aio-icon-title'  data-responsive-json-new='{\"font-size\":\"\",\"line-height\":\"\"}'  style=\"\">PM OIL&amp;STEEL ASIA<\/h3><\/div> <!-- header --><div class=\"aio-icon-description ult-responsive\"  data-ultimate-target='#Info-box-wrap-5185 .aio-icon-description'  data-responsive-json-new='{\"font-size\":\"\",\"line-height\":\"\"}'  style=\"\">chez\u00a0Beng\u00a0Hock\u00a0Mechanical\u00a0Engineering\u00a0Pte\u00a0Ltd<br \/>\n11\u00a0Sungei\u00a0Kadut\u00a0Street 4<br \/>\n729041 Singapour<br \/>\nT\u00e9l.:\u00a0+65 9847 0210<\/div> <!-- description --><\/div> <!-- aio-icon-box --><\/div> <!-- aio-icon-component -->[\/vc_column_inner][vc_column_inner el_class=\u00a0\u00bbpb-5&Prime; width=\u00a0\u00bb1\/3&Prime;]<div class=\"aio-icon-component   m7x-info-box style_1\"><div id=\"Info-box-wrap-1379\" class=\"aio-icon-box top-icon\" style=\"\"  ><div class=\"aio-icon-top\"><div class=\"ult-just-icon-wrapper  \"><div class=\"align-icon\" style=\"text-align:center;\">\n<div class=\"aio-icon-img \" style=\"font-size:206px;display:inline-block;\" >\n\t<img class=\"img-icon\" alt=\"null\" src=\"https:\/\/www.oilsteel.com\/fr\/wp-content\/uploads\/sites\/4\/2023\/02\/ManitexInternational_ApplicationEveryBrands.png\"\/>\n<\/div><\/div><\/div><\/div><div class=\"aio-icon-header\" ><h3 class=\"aio-icon-title ult-responsive\"  data-ultimate-target='#Info-box-wrap-1379 .aio-icon-title'  data-responsive-json-new='{\"font-size\":\"\",\"line-height\":\"\"}'  style=\"\">PM OIL&amp;STEEL IBERICA<\/h3><\/div> <!-- header --><div class=\"aio-icon-description ult-responsive\"  data-ultimate-target='#Info-box-wrap-1379 .aio-icon-description'  data-responsive-json-new='{\"font-size\":\"\",\"line-height\":\"\"}'  style=\"\">Ctra\u00a0Nacional\u00a0III 339<br \/>\n46190\u00a0Riba-Roja\u00a0del\u00a0Turia, Valencia<br \/>\nEspagne<br \/>\nT\u00e9l.:\u00a0+34 902 636 778<br \/>\nFax:\u00a0+34 902 636 779<\/div> <!-- description --><\/div> <!-- aio-icon-box --><\/div> <!-- aio-icon-component -->[\/vc_column_inner][vc_column_inner el_class=\u00a0\u00bbpb-5&Prime; width=\u00a0\u00bb1\/3&Prime;]<div class=\"aio-icon-component   m7x-info-box style_1\"><div id=\"Info-box-wrap-1820\" class=\"aio-icon-box top-icon\" style=\"\"  ><div class=\"aio-icon-top\"><div class=\"ult-just-icon-wrapper  \"><div class=\"align-icon\" style=\"text-align:center;\">\n<div class=\"aio-icon-img \" style=\"font-size:206px;display:inline-block;\" >\n\t<img class=\"img-icon\" alt=\"null\" src=\"https:\/\/www.oilsteel.com\/fr\/wp-content\/uploads\/sites\/4\/2023\/02\/ManitexInternational_ApplicationEveryBrands.png\"\/>\n<\/div><\/div><\/div><\/div><div class=\"aio-icon-header\" ><h3 class=\"aio-icon-title ult-responsive\"  data-ultimate-target='#Info-box-wrap-1820 .aio-icon-title'  data-responsive-json-new='{\"font-size\":\"\",\"line-height\":\"\"}'  style=\"\">PM OIL&amp;STEEL FRANCE<\/h3><\/div> <!-- header --><div class=\"aio-icon-description ult-responsive\"  data-ultimate-target='#Info-box-wrap-1820 .aio-icon-description'  data-responsive-json-new='{\"font-size\":\"\",\"line-height\":\"\"}'  style=\"\">Cyril ARNAUD<br \/>\n+33(0) 6 15 51 63 56<br \/>\n<a title=\"mailto:cyril.arnaud@tadano.com\" href=\"mailto:cyril.arnaud@tadano.com\">cyril.arnaud@tadano.com<\/a><br \/>\n151, Impasse de la Balme<br \/>\n69800, Saint- Priest (FR)<\/div> <!-- description --><\/div> <!-- aio-icon-box --><\/div> <!-- aio-icon-component -->[\/vc_column_inner][vc_column_inner width=\u00a0\u00bb1\/3&Prime;]<div class=\"aio-icon-component   m7x-info-box style_1\"><div id=\"Info-box-wrap-3256\" class=\"aio-icon-box top-icon\" style=\"\"  ><div class=\"aio-icon-top\"><div class=\"ult-just-icon-wrapper  \"><div class=\"align-icon\" style=\"text-align:center;\">\n<div class=\"aio-icon-img \" style=\"font-size:206px;display:inline-block;\" >\n\t<img class=\"img-icon\" alt=\"null\" src=\"https:\/\/www.oilsteel.com\/fr\/wp-content\/uploads\/sites\/4\/2023\/02\/ManitexInternational_ApplicationEveryBrands.png\"\/>\n<\/div><\/div><\/div><\/div><div class=\"aio-icon-header\" ><h3 class=\"aio-icon-title ult-responsive\"  data-ultimate-target='#Info-box-wrap-3256 .aio-icon-title'  data-responsive-json-new='{\"font-size\":\"\",\"line-height\":\"\"}'  style=\"\">PM OIL&amp;STEEL ARGENTINA SISTEMAS DE ELEVACION SA<\/h3><\/div> <!-- header --><div class=\"aio-icon-description ult-responsive\"  data-ultimate-target='#Info-box-wrap-3256 .aio-icon-description'  data-responsive-json-new='{\"font-size\":\"\",\"line-height\":\"\"}'  style=\"\">Predio Industrial La Papelera<br \/>\nIntendente Neyer, 1133 Unid. 15<br \/>\nC.P. 1643 &#8211; Beccar &#8211; Prov. de<br \/>\nBuenos Aires &#8211; Argentina<br \/>\nTel: +5411 4732-9008 \/ +54 11 4747 8003<\/div> <!-- description --><\/div> <!-- aio-icon-box --><\/div> <!-- aio-icon-component -->[\/vc_column_inner][vc_column_inner width=\u00a0\u00bb1\/3&Prime;]<div class=\"aio-icon-component   m7x-info-box style_1\"><div id=\"Info-box-wrap-6388\" class=\"aio-icon-box top-icon\" style=\"\"  ><div class=\"aio-icon-top\"><div class=\"ult-just-icon-wrapper  \"><div class=\"align-icon\" style=\"text-align:center;\">\n<div class=\"aio-icon-img \" style=\"font-size:206px;display:inline-block;\" >\n\t<img class=\"img-icon\" alt=\"null\" src=\"https:\/\/www.oilsteel.com\/fr\/wp-content\/uploads\/sites\/4\/2023\/02\/ManitexInternational_ApplicationEveryBrands.png\"\/>\n<\/div><\/div><\/div><\/div><div class=\"aio-icon-header\" ><h3 class=\"aio-icon-title ult-responsive\"  data-ultimate-target='#Info-box-wrap-6388 .aio-icon-title'  data-responsive-json-new='{\"font-size\":\"\",\"line-height\":\"\"}'  style=\"\">PM OIL&amp;STEEL MEXICO<\/h3><\/div> <!-- header --><div class=\"aio-icon-description ult-responsive\"  data-ultimate-target='#Info-box-wrap-6388 .aio-icon-description'  data-responsive-json-new='{\"font-size\":\"\",\"line-height\":\"\"}'  style=\"\">Carretera\u00a0Queretaro- Mexico KM\u00a0201.5 ,\u00a0Bodega #50<br \/>\nEurobusiness\u00a0Park El Marqu\u00e9s,<br \/>\nColonia\u00a0Cumbres\u00a0de\u00a0Con\u00edn\u00a0Tercera\u00a0Secci\u00f3n,\u00a0Mcpio.\u00a0El Marqu\u00e9s,<br \/>\nC.P.\u00a076246<br \/>\nQueretaro<br \/>\nMexique<\/div> <!-- description --><\/div> <!-- aio-icon-box --><\/div> <!-- aio-icon-component -->[\/vc_column_inner][vc_column_inner width=\u00a0\u00bb1\/3&Prime;]<div class=\"aio-icon-component   m7x-info-box style_1\"><div id=\"Info-box-wrap-2575\" class=\"aio-icon-box top-icon\" style=\"\"  ><div class=\"aio-icon-top\"><div class=\"ult-just-icon-wrapper  \"><div class=\"align-icon\" style=\"text-align:center;\">\n<div class=\"aio-icon-img \" style=\"font-size:206px;display:inline-block;\" >\n\t<img class=\"img-icon\" alt=\"null\" src=\"https:\/\/www.oilsteel.com\/fr\/wp-content\/uploads\/sites\/4\/2023\/02\/ManitexInternational_ApplicationEveryBrands.png\"\/>\n<\/div><\/div><\/div><\/div><div class=\"aio-icon-header\" ><h3 class=\"aio-icon-title ult-responsive\"  data-ultimate-target='#Info-box-wrap-2575 .aio-icon-title'  data-responsive-json-new='{\"font-size\":\"\",\"line-height\":\"\"}'  style=\"\">PM OIL&amp;STEEL CILE<\/h3><\/div> <!-- header --><div class=\"aio-icon-description ult-responsive\"  data-ultimate-target='#Info-box-wrap-2575 .aio-icon-description'  data-responsive-json-new='{\"font-size\":\"\",\"line-height\":\"\"}'  style=\"\">Alcalde Guzm\u00e1n n\u00b00121,\u00a0Galp\u00f3n\u00a0Pyme\u00a03<br \/>\nQuilicura\u00a0&#8211; Santiago &#8211; Chili<br \/>\nT\u00e9l.:\u00a0+56 2 2 763 0300<br \/>\ninfo@pm-latinamerica.com<\/div> <!-- description --><\/div> <!-- aio-icon-box --><\/div> <!-- aio-icon-component -->[\/vc_column_inner][\/vc_row_inner][\/vc_column][\/vc_row]<\/p>\n","protected":false},"excerpt":{"rendered":"<p>[vc_row equal_height=\u00a0\u00bbyes\u00a0\u00bb content_placement=\u00a0\u00bbmiddle\u00a0\u00bb el_class=\u00a0\u00bbpb-5&Prime;][vc_column css_animation=\u00a0\u00bbnone\u00a0\u00bb width=\u00a0\u00bb1\/2&Prime; el_class=\u00a0\u00bbpb-4 pb-md-0&Prime; offset=\u00a0\u00bbvc_col-md-offset-2 vc_col-md-4&Prime;][vc_column_text el_class=\u00a0\u00bbtext-center\u00a0\u00bb]Oil&amp;Steel\u00a0a son quartier g\u00e9n\u00e9ral \u00e0 San\u00a0Cesario\u00a0Sul\u00a0Panaro\u00a0(Mod\u00e8ne &#8211; Italie). Le choix a \u00e9t\u00e9 fait suite \u00e0 la construction d&rsquo;une structure moderne qui contient maintenant les bureaux de direction et tous les d\u00e9partements de l&rsquo;entreprise\u202f: ventes, marketing, conception technique, R&amp;D, administration, assistance technique, pi\u00e8ces d\u00e9tach\u00e9es et ressources&hellip;<\/p>\n","protected":false},"author":1,"featured_media":940,"parent":862,"menu_order":0,"comment_status":"closed","ping_status":"closed","template":"","meta":[],"acf":[],"_links":{"self":[{"href":"https:\/\/www.oilsteel.com\/fr\/wp-json\/wp\/v2\/pages\/865"}],"collection":[{"href":"https:\/\/www.oilsteel.com\/fr\/wp-json\/wp\/v2\/pages"}],"about":[{"href":"https:\/\/www.oilsteel.com\/fr\/wp-json\/wp\/v2\/types\/page"}],"author":[{"embeddable":true,"href":"https:\/\/www.oilsteel.com\/fr\/wp-json\/wp\/v2\/users\/1"}],"replies":[{"embeddable":true,"href":"https:\/\/www.oilsteel.com\/fr\/wp-json\/wp\/v2\/comments?post=865"}],"version-history":[{"count":5,"href":"https:\/\/www.oilsteel.com\/fr\/wp-json\/wp\/v2\/pages\/865\/revisions"}],"predecessor-version":[{"id":5833,"href":"https:\/\/www.oilsteel.com\/fr\/wp-json\/wp\/v2\/pages\/865\/revisions\/5833"}],"up":[{"embeddable":true,"href":"https:\/\/www.oilsteel.com\/fr\/wp-json\/wp\/v2\/pages\/862"}],"wp:featuredmedia":[{"embeddable":true,"href":"https:\/\/www.oilsteel.com\/fr\/wp-json\/wp\/v2\/media\/940"}],"wp:attachment":[{"href":"https:\/\/www.oilsteel.com\/fr\/wp-json\/wp\/v2\/media?parent=865"}],"curies":[{"name":"wp","href":"https:\/\/api.w.org\/{rel}","templated":true}]}}