{"id":868,"date":"2021-02-11T16:31:23","date_gmt":"2021-02-11T15:31:23","guid":{"rendered":"https:\/\/www.oilsteel.com\/?page_id=868"},"modified":"2025-06-19T15:17:45","modified_gmt":"2025-06-19T13:17:45","slug":"apres-vente","status":"publish","type":"page","link":"https:\/\/www.oilsteel.com\/fr\/apres-vente\/","title":{"rendered":"Sav"},"content":{"rendered":"<p>[vc_row][vc_column css_animation=\u00a0\u00bbnone\u00a0\u00bb el_class=\u00a0\u00bbpb-4 pb-md-0&Prime;]<div id=\"ultimate-heading-570969e1e60e80971\" class=\"uvc-heading ult-adjust-bottom-margin ultimate-heading-570969e1e60e80971 uvc-2143 m7x-title-h2 pb-4 text-uppercase uvc-heading-default-font-sizes\" data-hspacer=\"no_spacer\"  data-halign=\"center\" style=\"text-align:center\"><div class=\"uvc-heading-spacer no_spacer\" style=\"top\"><\/div><div class=\"uvc-main-heading ult-responsive\"  data-ultimate-target='.uvc-heading.ultimate-heading-570969e1e60e80971 h2'  data-responsive-json-new='{\"font-size\":\"\",\"line-height\":\"\"}' ><h2 style=\"--font-weight:theme;\">Ateliers agr\u00e9\u00e9s<\/h2><\/div><\/div>[vc_column_text el_class=\u00a0\u00bbtext-center pb-4&Prime;]L&rsquo;objectif principal est de faire en sorte que ses clients puissent compter, avec s\u00e9r\u00e9nit\u00e9, sur un service d&rsquo;assistance technique de grande qualit\u00e9, en mesure d&rsquo;intervenir rapidement et de r\u00e9soudre tout probl\u00e8me li\u00e9 au produit.<\/p>\n<p>Oil&amp;Steel utilise pour cela un r\u00e9seau maill\u00e9 d\u2019Ateliers Agr\u00e9\u00e9s\u202f(SERVICE\u202fPARTNERS) pr\u00e9sents sur l&rsquo;ensemble du territoire italien et sur les diff\u00e9rents march\u00e9s de r\u00e9f\u00e9rence, d\u00fbment form\u00e9s et mis \u00e0 jour par les techniciens de la maison-m\u00e8re.[\/vc_column_text]<style type=\"text\/css\" data-type=\"the7_shortcodes-inline-css\">#default-btn-7496f7099c97782fe871307aa9a801cc.ico-right-side > i {\n  margin-right: 0px;\n  margin-left: 8px;\n}\n#default-btn-7496f7099c97782fe871307aa9a801cc > i {\n  margin-right: 8px;\n}\n<\/style><div class=\"btn-align-center\"><a href=\"https:\/\/www.oilsteel.com\/fr\/notre-reseau-de-vente\/ateliers-agrees\/?noredirect=fr-FR\" class=\"default-btn-shortcode dt-btn dt-btn-l link-hover-off m7x-btn \" id=\"default-btn-7496f7099c97782fe871307aa9a801cc\" title=\"Officine autorizzate\"><span>EN SAVOIR PLUS<\/span><\/a><\/div>[\/vc_column][\/vc_row][vc_row el_class=\u00a0\u00bbpy-5&Prime;][vc_column][vc_separator color=\u00a0\u00bbcustom\u00a0\u00bb border_width=\u00a0\u00bb8&Prime; el_width=\u00a0\u00bb70&Prime; el_class=\u00a0\u00bbm7x-divider\u00a0\u00bb][\/vc_column][\/vc_row][vc_row el_class=\u00a0\u00bbpt-5&Prime;][vc_column css_animation=\u00a0\u00bbnone\u00a0\u00bb el_class=\u00a0\u00bbpb-4 pb-md-0&Prime;]<div id=\"ultimate-heading-139869e1e60e81074\" class=\"uvc-heading ult-adjust-bottom-margin ultimate-heading-139869e1e60e81074 uvc-195 m7x-title-h2 pb-4 text-uppercase uvc-heading-default-font-sizes\" data-hspacer=\"no_spacer\"  data-halign=\"center\" style=\"text-align:center\"><div class=\"uvc-heading-spacer no_spacer\" style=\"top\"><\/div><div class=\"uvc-main-heading ult-responsive\"  data-ultimate-target='.uvc-heading.ultimate-heading-139869e1e60e81074 h2'  data-responsive-json-new='{\"font-size\":\"\",\"line-height\":\"\"}' ><h2 style=\"--font-weight:theme;\">Pi\u00e8ces D\u00e9tach\u00e9es et accessoires<\/h2><\/div><\/div>[vc_column_text el_class=\u00a0\u00bbtext-center pb-4&Prime;]Le service apr\u00e8s-vente est garanti par un service de pi\u00e8ces d\u00e9tach\u00e9es efficace.<\/p>\n<p>Nous fournissons un service complet et ponctuel, offrant la possibilit\u00e9 de commander des articles non seulement pour les mod\u00e8les en production, mais aussi pour des mod\u00e8les hors production depuis plusieurs ann\u00e9es.<\/p>\n<p>L&rsquo;efficacit\u00e9 et les efforts du personnel permettent de livrer\u00a090\u202f% des pi\u00e8ces d\u00e9tach\u00e9es dans les 24 heures qui suivent la r\u00e9ception de la commande.[\/vc_column_text]<style type=\"text\/css\" data-type=\"the7_shortcodes-inline-css\">#default-btn-d3d3a3ac41a0d41d2a1592f40d49e845.ico-right-side > i {\n  margin-right: 0px;\n  margin-left: 8px;\n}\n#default-btn-d3d3a3ac41a0d41d2a1592f40d49e845 > i {\n  margin-right: 8px;\n}\n<\/style><div class=\"btn-align-center\"><a href=\"https:\/\/www.oilsteel.com\/fr\/contactez-nous\/?subject=Demande+information+Pi\u00e8ces+de+Rechange+ou+Accessoires&amp;office=Pi\u00e8ces+de+Rechange\" class=\"default-btn-shortcode dt-btn dt-btn-l link-hover-off m7x-btn \" id=\"default-btn-d3d3a3ac41a0d41d2a1592f40d49e845\" title=\"Officine autorizzate\"><span>Contactez-nous<\/span><\/a><\/div>[\/vc_column][\/vc_row][vc_row el_class=\u00a0\u00bbpy-5&Prime;][vc_column][vc_separator color=\u00a0\u00bbcustom\u00a0\u00bb border_width=\u00a0\u00bb8&Prime; el_width=\u00a0\u00bb70&Prime; el_class=\u00a0\u00bbm7x-divider\u00a0\u00bb][\/vc_column][\/vc_row][vc_row el_class=\u00a0\u00bbpy-5&Prime;][vc_column css_animation=\u00a0\u00bbnone\u00a0\u00bb el_class=\u00a0\u00bbpb-4 pb-md-0&Prime;]<div id=\"ultimate-heading-865469e1e60e811dd\" class=\"uvc-heading ult-adjust-bottom-margin ultimate-heading-865469e1e60e811dd uvc-6842 m7x-title-h2 pb-4 text-uppercase uvc-heading-default-font-sizes\" data-hspacer=\"no_spacer\"  data-halign=\"center\" style=\"text-align:center\"><div class=\"uvc-heading-spacer no_spacer\" style=\"top\"><\/div><div class=\"uvc-main-heading ult-responsive\"  data-ultimate-target='.uvc-heading.ultimate-heading-865469e1e60e811dd h2'  data-responsive-json-new='{\"font-size\":\"\",\"line-height\":\"\"}' ><h2 style=\"--font-weight:theme;\">\u00c9crivez-nous votre avis!<\/h2><\/div><\/div>[vc_column_text el_class=\u00a0\u00bbtext-center pb-4&Prime;]Il est important pour nous de conna\u00eetre votre avis afin d&rsquo;am\u00e9liorer constamment nos services et notre gamme de produits.[\/vc_column_text]<style type=\"text\/css\" data-type=\"the7_shortcodes-inline-css\">#default-btn-3b4dcb5127933d6d6017982e9901d755.ico-right-side > i {\n  margin-right: 0px;\n  margin-left: 8px;\n}\n#default-btn-3b4dcb5127933d6d6017982e9901d755 > i {\n  margin-right: 8px;\n}\n<\/style><div class=\"btn-align-center\"><a href=\"https:\/\/www.oilsteel.com\/fr\/contactez-nous\/?subject=Feedback&amp;office=Assistance+Technique\" class=\"default-btn-shortcode dt-btn dt-btn-l link-hover-off m7x-btn \" id=\"default-btn-3b4dcb5127933d6d6017982e9901d755\"><span>LAISSEZ UN COMMENTAIRE<\/span><\/a><\/div>[\/vc_column][\/vc_row][vc_row equal_height=\u00a0\u00bbyes\u00a0\u00bb content_placement=\u00a0\u00bbmiddle\u00a0\u00bb bg_type=\u00a0\u00bbimage\u00a0\u00bb parallax_style=\u00a0\u00bbvcpb-default\u00a0\u00bb bg_image_new=\u00a0\u00bbid^959|url^https:\/\/www.oilsteel.com\/wp-content\/uploads\/sites\/4\/2021\/02\/os_training-head.jpg|caption^null|alt^null|title^os_training-head|description^null\u00a0\u00bb bg_image_repeat=\u00a0\u00bbno-repeat\u00a0\u00bb bg_img_attach=\u00a0\u00bbfixed\u00a0\u00bb bg_override=\u00a0\u00bbex-full\u00a0\u00bb el_class=\u00a0\u00bbpy-5 my-5 m7x-row-gradient-180&Prime;][vc_column css_animation=\u00a0\u00bbnone\u00a0\u00bb el_class=\u00a0\u00bbpb-4 pb-md-0&Prime;]<div id=\"ultimate-heading-573669e1e60e812ef\" class=\"uvc-heading ult-adjust-bottom-margin ultimate-heading-573669e1e60e812ef uvc-2424 text-white m7x-mh-h1 pb-5 uvc-heading-default-font-sizes\" data-hspacer=\"no_spacer\"  data-halign=\"center\" style=\"text-align:center\"><div class=\"uvc-heading-spacer no_spacer\" style=\"top\"><\/div><div class=\"uvc-main-heading ult-responsive\"  data-ultimate-target='.uvc-heading.ultimate-heading-573669e1e60e812ef h2'  data-responsive-json-new='{\"font-size\":\"\",\"line-height\":\"\"}' ><h2 style=\"--font-weight:theme;\">Formation<\/h2><\/div><\/div><style type=\"text\/css\" data-type=\"the7_shortcodes-inline-css\">#default-btn-ddbd2bd0970d460ad65dbdd66ba8f9b2.ico-right-side > i {\n  margin-right: 0px;\n  margin-left: 8px;\n}\n#default-btn-ddbd2bd0970d460ad65dbdd66ba8f9b2 > i {\n  margin-right: 8px;\n}\n<\/style><div class=\"btn-align-center\"><a href=\"https:\/\/www.oilsteel.com\/fr\/entreprise\/formation\/?noredirect=fr-FR\" class=\"default-btn-shortcode dt-btn dt-btn-l link-hover-off m7x-btn text-white \" id=\"default-btn-ddbd2bd0970d460ad65dbdd66ba8f9b2\" title=\"Formazione\"><span>EN SAVOIR PLUS<\/span><\/a><\/div>[\/vc_column][\/vc_row]<\/p>\n","protected":false},"excerpt":{"rendered":"<p>[vc_row][vc_column css_animation=\u00a0\u00bbnone\u00a0\u00bb el_class=\u00a0\u00bbpb-4 pb-md-0&Prime;][vc_column_text el_class=\u00a0\u00bbtext-center pb-4&Prime;]L&rsquo;objectif principal est de faire en sorte que ses clients puissent compter, avec s\u00e9r\u00e9nit\u00e9, sur un service d&rsquo;assistance technique de grande qualit\u00e9, en mesure d&rsquo;intervenir rapidement et de r\u00e9soudre tout probl\u00e8me li\u00e9 au produit. Oil&amp;Steel utilise pour cela un r\u00e9seau maill\u00e9 d\u2019Ateliers Agr\u00e9\u00e9s\u202f(SERVICE\u202fPARTNERS) pr\u00e9sents sur l&rsquo;ensemble du territoire italien et&hellip;<\/p>\n","protected":false},"author":1,"featured_media":1156,"parent":0,"menu_order":0,"comment_status":"closed","ping_status":"closed","template":"","meta":[],"acf":[],"_links":{"self":[{"href":"https:\/\/www.oilsteel.com\/fr\/wp-json\/wp\/v2\/pages\/868"}],"collection":[{"href":"https:\/\/www.oilsteel.com\/fr\/wp-json\/wp\/v2\/pages"}],"about":[{"href":"https:\/\/www.oilsteel.com\/fr\/wp-json\/wp\/v2\/types\/page"}],"author":[{"embeddable":true,"href":"https:\/\/www.oilsteel.com\/fr\/wp-json\/wp\/v2\/users\/1"}],"replies":[{"embeddable":true,"href":"https:\/\/www.oilsteel.com\/fr\/wp-json\/wp\/v2\/comments?post=868"}],"version-history":[{"count":6,"href":"https:\/\/www.oilsteel.com\/fr\/wp-json\/wp\/v2\/pages\/868\/revisions"}],"predecessor-version":[{"id":5769,"href":"https:\/\/www.oilsteel.com\/fr\/wp-json\/wp\/v2\/pages\/868\/revisions\/5769"}],"wp:featuredmedia":[{"embeddable":true,"href":"https:\/\/www.oilsteel.com\/fr\/wp-json\/wp\/v2\/media\/1156"}],"wp:attachment":[{"href":"https:\/\/www.oilsteel.com\/fr\/wp-json\/wp\/v2\/media?parent=868"}],"curies":[{"name":"wp","href":"https:\/\/api.w.org\/{rel}","templated":true}]}}