{"id":954,"date":"2021-02-12T12:52:10","date_gmt":"2021-02-12T12:52:10","guid":{"rendered":"https:\/\/www.oilsteel.com\/?page_id=954"},"modified":"2021-07-28T11:32:06","modified_gmt":"2021-07-28T11:32:06","slug":"formation","status":"publish","type":"page","link":"https:\/\/www.oilsteel.com\/fr\/entreprise\/formation\/","title":{"rendered":"Formation"},"content":{"rendered":"<p>[vc_row][vc_column css_animation=\u00a0\u00bbnone\u00a0\u00bb el_class=\u00a0\u00bbpb-4 pb-md-0&Prime;]<div id=\"ultimate-heading-126869dedf734564a\" class=\"uvc-heading ult-adjust-bottom-margin ultimate-heading-126869dedf734564a uvc-2300 m7x-title-h2 pb-4 text-uppercase uvc-heading-default-font-sizes\" data-hspacer=\"no_spacer\"  data-halign=\"center\" style=\"text-align:center\"><div class=\"uvc-heading-spacer no_spacer\" style=\"top\"><\/div><div class=\"uvc-main-heading ult-responsive\"  data-ultimate-target='.uvc-heading.ultimate-heading-126869dedf734564a h2'  data-responsive-json-new='{\"font-size\":\"\",\"line-height\":\"\"}' ><h2 style=\"--font-weight:theme;\">Formation<\/h2><\/div><\/div>[vc_column_text el_class=\u00a0\u00bbtext-center\u00a0\u00bb]Oil&amp;Steel\u202fcro\u00eet et investit dans la formation sur la s\u00e9curit\u00e9 au travail.\u202fNos techniciens qualifi\u00e9s proposent des cours pour maintenir notre r\u00e9seau d\u2019ateliers agr\u00e9\u00e9s \u00e0 jour.<\/p>\n<p>De plus,\u202fOil&amp;Steel\u202forganise p\u00e9riodiquement des stages techniques destin\u00e9s aux professionnels pr\u00e9sents dans les centres apr\u00e8s-vente.\u202fGr\u00e2ce \u00e0 ces stages, confi\u00e9s \u00e0 des techniciens sp\u00e9cialis\u00e9s\u202fOil&amp;Steel, les ateliers agr\u00e9\u00e9s sont toujours pr\u00eats \u00e0 intervenir techniquement sur les nacelles \u00e9l\u00e9vatrices.<\/p>\n<p>Oil&amp;Steel\u00a0est convaincue qu&rsquo;une formation ad\u00e9quate est une opportunit\u00e9 \u00e0 laquelle on ne peut pas renoncer pour am\u00e9liorer la s\u00e9curit\u00e9 et le professionnalisme du personnel pr\u00e9pos\u00e9, mais aussi le rendement du travail en hauteur et les conditions de fonctionnement de la machine.[\/vc_column_text][\/vc_column][\/vc_row][vc_row el_class=\u00a0\u00bbpy-5&Prime;][vc_column][vc_separator color=\u00a0\u00bbcustom\u00a0\u00bb border_width=\u00a0\u00bb8&Prime; el_width=\u00a0\u00bb70&Prime; el_class=\u00a0\u00bbm7x-divider\u00a0\u00bb][\/vc_column][\/vc_row][vc_row el_class=\u00a0\u00bbpt-5&Prime;][vc_column css_animation=\u00a0\u00bbnone\u00a0\u00bb el_class=\u00a0\u00bbpb-4 pb-md-0&Prime;]<div id=\"ultimate-heading-777069dedf7345686\" class=\"uvc-heading ult-adjust-bottom-margin ultimate-heading-777069dedf7345686 uvc-5770 m7x-title-h2 pb-4 text-uppercase uvc-heading-default-font-sizes\" data-hspacer=\"no_spacer\"  data-halign=\"center\" style=\"text-align:center\"><div class=\"uvc-heading-spacer no_spacer\" style=\"top\"><\/div><div class=\"uvc-main-heading ult-responsive\"  data-ultimate-target='.uvc-heading.ultimate-heading-777069dedf7345686 h2'  data-responsive-json-new='{\"font-size\":\"\",\"line-height\":\"\"}' ><h2 style=\"--font-weight:theme;\">Cours IPAF<\/h2><\/div><\/div><div class=\"ult-just-icon-wrapper mb-4 \"><div class=\"align-icon\" style=\"text-align:center;\">\n<div class=\"aio-icon-img  uavc-circle \" style=\"font-size:125px;background:#00164c;display:inline-block;\" >\n\t<img class=\"img-icon\" alt=\"null\" src=\"https:\/\/www.oilsteel.com\/fr\/wp-content\/uploads\/sites\/4\/2021\/02\/os_logo_ipaf.png\"\/>\n<\/div><\/div><\/div>[vc_column_text el_class=\u00a0\u00bbtext-center\u00a0\u00bb]Oil&amp;Steel\u202fest un centre agr\u00e9\u00e9 pour organiser des Stages IPAF pour l\u2019utilisation des nacelles \u00e9l\u00e9vatrices, et d\u00e9livrer, apr\u00e8s une \u00e9valuation positive, la licence internationale pour les op\u00e9rateurs pr\u00e9pos\u00e9s aux nacelles \u00e9l\u00e9vatrices.<\/p>\n<p>Conform\u00e9ment \u00e0 la configuration IPAF, il existe deux fonctions cl\u00e9 pour une utilisation s\u00e9curis\u00e9e de ces machines\u202f: l\u2019op\u00e9rateur et le d\u00e9monstrateur<\/p>\n<p>Pour chacune de ces deux fonctions,\u00a0Oil&amp;Steel\u00a0propose des stages sp\u00e9cifiques \u00e9galement aupr\u00e8s des clients.[\/vc_column_text][\/vc_column][\/vc_row][vc_row el_class=\u00a0\u00bbpy-5&Prime;][vc_column][vc_separator color=\u00a0\u00bbcustom\u00a0\u00bb border_width=\u00a0\u00bb8&Prime; el_width=\u00a0\u00bb70&Prime; el_class=\u00a0\u00bbm7x-divider\u00a0\u00bb][\/vc_column][\/vc_row][vc_row el_class=\u00a0\u00bbpt-5&Prime;][vc_column css_animation=\u00a0\u00bbnone\u00a0\u00bb el_class=\u00a0\u00bbpb-4 pb-md-0&Prime;]<div id=\"ultimate-heading-929669dedf7345a45\" class=\"uvc-heading ult-adjust-bottom-margin ultimate-heading-929669dedf7345a45 uvc-48 m7x-title-h2 pb-4 text-uppercase uvc-heading-default-font-sizes\" data-hspacer=\"no_spacer\"  data-halign=\"center\" style=\"text-align:center\"><div class=\"uvc-heading-spacer no_spacer\" style=\"top\"><\/div><div class=\"uvc-main-heading ult-responsive\"  data-ultimate-target='.uvc-heading.ultimate-heading-929669dedf7345a45 h2'  data-responsive-json-new='{\"font-size\":\"\",\"line-height\":\"\"}' ><h2 style=\"--font-weight:theme;\">Stages pour les ateliers agr\u00e9\u00e9s<\/h2><\/div><\/div>[vc_column_text el_class=\u00a0\u00bbtext-center\u00a0\u00bb]Le r\u00e9seau apr\u00e8s-vente agr\u00e9\u00e9\u202fOil&amp;Steel\u202fet le service technique des clients participent p\u00e9riodiquement aux stages techniques de mise \u00e0 jour, afin que les centres SAV agr\u00e9\u00e9s puissent toujours prendre en charge une intervention technique sur les nacelles.<\/p>\n<p>Les cours sont confi\u00e9s \u00e0 des techniciens sp\u00e9cialis\u00e9s\u00a0Oil&amp;Steel\u00a0qui suivent les projets formatifs depuis plusieurs ann\u00e9es.[\/vc_column_text][\/vc_column][\/vc_row][vc_row bg_type=\u00a0\u00bbimage\u00a0\u00bb parallax_style=\u00a0\u00bbvcpb-default\u00a0\u00bb bg_image_new=\u00a0\u00bbid^958|url^https:\/\/www.oilsteel.com\/wp-content\/uploads\/sites\/4\/2021\/02\/os_training-bg_courses.jpg|caption^null|alt^null|title^os_training-bg_courses|description^null\u00a0\u00bb bg_image_repeat=\u00a0\u00bbno-repeat\u00a0\u00bb bg_img_attach=\u00a0\u00bbfixed\u00a0\u00bb bg_override=\u00a0\u00bbex-full\u00a0\u00bb el_class=\u00a0\u00bbpy-5 my-5 m7x-row-gradient-180&Prime;][vc_column css_animation=\u00a0\u00bbnone\u00a0\u00bb el_class=\u00a0\u00bbpb-4 pb-md-0&Prime;][\/vc_column][\/vc_row][vc_row][vc_column css_animation=\u00a0\u00bbnone\u00a0\u00bb el_class=\u00a0\u00bbpb-4 pb-md-0&Prime;]<style type=\"text\/css\" data-type=\"the7_shortcodes-inline-css\">#default-btn-c8a0a41d190d54a24c7752dd7f094fc4.ico-right-side > i {\n  margin-right: 0px;\n  margin-left: 8px;\n}\n#default-btn-c8a0a41d190d54a24c7752dd7f094fc4 > i {\n  margin-right: 8px;\n}\n<\/style><div class=\"btn-align-center\"><a href=\"https:\/\/www.oilsteel.com\/fr\/contactez-nous\/?subject=Demande%20d&#039;informations%20sur%20la%20formation&amp;office=Academy\" class=\"default-btn-shortcode dt-btn dt-btn-l link-hover-off m7x-btn \" id=\"default-btn-c8a0a41d190d54a24c7752dd7f094fc4\"><span>\u00c9CRIVEZ-NOUS POUR PARTICIPER AUX COURS<\/span><\/a><\/div>[\/vc_column][\/vc_row]<\/p>\n","protected":false},"excerpt":{"rendered":"<p>[vc_row][vc_column css_animation=\u00a0\u00bbnone\u00a0\u00bb el_class=\u00a0\u00bbpb-4 pb-md-0&Prime;][vc_column_text el_class=\u00a0\u00bbtext-center\u00a0\u00bb]Oil&amp;Steel\u202fcro\u00eet et investit dans la formation sur la s\u00e9curit\u00e9 au travail.\u202fNos techniciens qualifi\u00e9s proposent des cours pour maintenir notre r\u00e9seau d\u2019ateliers agr\u00e9\u00e9s \u00e0 jour. De plus,\u202fOil&amp;Steel\u202forganise p\u00e9riodiquement des stages techniques destin\u00e9s aux professionnels pr\u00e9sents dans les centres apr\u00e8s-vente.\u202fGr\u00e2ce \u00e0 ces stages, confi\u00e9s \u00e0 des techniciens sp\u00e9cialis\u00e9s\u202fOil&amp;Steel, les ateliers agr\u00e9\u00e9s sont toujours&hellip;<\/p>\n","protected":false},"author":1,"featured_media":959,"parent":862,"menu_order":0,"comment_status":"closed","ping_status":"closed","template":"","meta":[],"acf":[],"_links":{"self":[{"href":"https:\/\/www.oilsteel.com\/fr\/wp-json\/wp\/v2\/pages\/954"}],"collection":[{"href":"https:\/\/www.oilsteel.com\/fr\/wp-json\/wp\/v2\/pages"}],"about":[{"href":"https:\/\/www.oilsteel.com\/fr\/wp-json\/wp\/v2\/types\/page"}],"author":[{"embeddable":true,"href":"https:\/\/www.oilsteel.com\/fr\/wp-json\/wp\/v2\/users\/1"}],"replies":[{"embeddable":true,"href":"https:\/\/www.oilsteel.com\/fr\/wp-json\/wp\/v2\/comments?post=954"}],"version-history":[{"count":5,"href":"https:\/\/www.oilsteel.com\/fr\/wp-json\/wp\/v2\/pages\/954\/revisions"}],"predecessor-version":[{"id":1198,"href":"https:\/\/www.oilsteel.com\/fr\/wp-json\/wp\/v2\/pages\/954\/revisions\/1198"}],"up":[{"embeddable":true,"href":"https:\/\/www.oilsteel.com\/fr\/wp-json\/wp\/v2\/pages\/862"}],"wp:featuredmedia":[{"embeddable":true,"href":"https:\/\/www.oilsteel.com\/fr\/wp-json\/wp\/v2\/media\/959"}],"wp:attachment":[{"href":"https:\/\/www.oilsteel.com\/fr\/wp-json\/wp\/v2\/media?parent=954"}],"curies":[{"name":"wp","href":"https:\/\/api.w.org\/{rel}","templated":true}]}}